{"id":315,"date":"2022-05-24T13:48:59","date_gmt":"2022-05-24T11:48:59","guid":{"rendered":"https:\/\/www.sahambank.com\/professionnels\/?page_id=315"},"modified":"2025-10-13T16:11:57","modified_gmt":"2025-10-13T14:11:57","slug":"banque-au-quotidien","status":"publish","type":"page","link":"https:\/\/www.sahambank.com\/pro-tpe\/banque-au-quotidien\/","title":{"rendered":"Banque au quotidien"},"content":{"rendered":"<h2><strong>Ma banque, mon alli\u00e9e au quotidien<\/strong><\/h2>\n<p>Simplifiez votre gestion bancaire avec Saham Bank, qui vous accompagne gr\u00e2ce \u00e0 des services sur mesure et des conseillers Pro d\u00e9di\u00e9s \u00e0 la r\u00e9ussite de votre activit\u00e9.<\/p>\n","protected":false},"excerpt":{"rendered":"<p>Ma banque, mon alli\u00e9e au quotidien Simplifiez votre gestion bancaire avec Saham Bank, qui vous [&hellip;]<\/p>\n","protected":false},"author":1,"featured_media":1222,"parent":0,"menu_order":0,"comment_status":"closed","ping_status":"closed","template":"template-particuliers-banque-au-quotidien.php","meta":{"footnotes":""},"acf":[],"yoast_head":"<!-- This site is optimized with the Yoast SEO plugin v20.0 - https:\/\/yoast.com\/wordpress\/plugins\/seo\/ -->\n<title>Banque au quotidien - Saham bank - Professionnels et TPE<\/title>\n<meta name=\"robots\" content=\"index, follow, max-snippet:-1, max-image-preview:large, max-video-preview:-1\" \/>\n<link rel=\"canonical\" href=\"https:\/\/www.sahambank.com\/pro-tpe\/banque-au-quotidien\/\" \/>\n<meta property=\"og:locale\" content=\"fr_FR\" \/>\n<meta property=\"og:type\" content=\"article\" \/>\n<meta property=\"og:title\" content=\"Banque au quotidien - Saham bank - Professionnels et TPE\" \/>\n<meta property=\"og:description\" content=\"Ma banque, mon alli\u00e9e au quotidien Simplifiez votre gestion bancaire avec Saham Bank, qui vous [&hellip;]\" \/>\n<meta property=\"og:url\" content=\"https:\/\/www.sahambank.com\/pro-tpe\/banque-au-quotidien\/\" \/>\n<meta property=\"og:site_name\" content=\"Saham bank - Professionnels et TPE\" \/>\n<meta property=\"article:publisher\" content=\"https:\/\/facebook.com\/sahambankofficiel\" \/>\n<meta property=\"article:modified_time\" content=\"2025-10-13T14:11:57+00:00\" \/>\n<meta property=\"og:image\" content=\"https:\/\/www.sahambank.com\/pro-tpe\/wp-content\/uploads\/sites\/2\/2025\/06\/banque-au-quotidien-pro.jpg\" \/>\n\t<meta property=\"og:image:width\" content=\"1988\" \/>\n\t<meta property=\"og:image:height\" content=\"694\" \/>\n\t<meta property=\"og:image:type\" content=\"image\/jpeg\" \/>\n<meta name=\"twitter:card\" content=\"summary_large_image\" \/>\n<meta name=\"twitter:site\" content=\"@saham_bank\" \/>\n<meta name=\"twitter:label1\" content=\"Dur\u00e9e de lecture estim\u00e9e\" \/>\n\t<meta name=\"twitter:data1\" content=\"1 minute\" \/>\n<script type=\"application\/ld+json\" class=\"yoast-schema-graph\">{\"@context\":\"https:\/\/schema.org\",\"@graph\":[{\"@type\":\"WebPage\",\"@id\":\"https:\/\/www.sahambank.com\/pro-tpe\/banque-au-quotidien\/\",\"url\":\"https:\/\/www.sahambank.com\/pro-tpe\/banque-au-quotidien\/\",\"name\":\"Banque au quotidien - Saham bank - Professionnels et TPE\",\"isPartOf\":{\"@id\":\"https:\/\/www.sahambank.com\/pro-tpe\/#website\"},\"datePublished\":\"2022-05-24T11:48:59+00:00\",\"dateModified\":\"2025-10-13T14:11:57+00:00\",\"breadcrumb\":{\"@id\":\"https:\/\/www.sahambank.com\/pro-tpe\/banque-au-quotidien\/#breadcrumb\"},\"inLanguage\":\"fr-FR\",\"potentialAction\":[{\"@type\":\"ReadAction\",\"target\":[\"https:\/\/www.sahambank.com\/pro-tpe\/banque-au-quotidien\/\"]}]},{\"@type\":\"BreadcrumbList\",\"@id\":\"https:\/\/www.sahambank.com\/pro-tpe\/banque-au-quotidien\/#breadcrumb\",\"itemListElement\":[{\"@type\":\"ListItem\",\"position\":1,\"name\":\"Home\",\"item\":\"https:\/\/www.sahambank.com\/pro-tpe\/\"},{\"@type\":\"ListItem\",\"position\":2,\"name\":\"Banque au quotidien\"}]},{\"@type\":\"WebSite\",\"@id\":\"https:\/\/www.sahambank.com\/pro-tpe\/#website\",\"url\":\"https:\/\/www.sahambank.com\/pro-tpe\/\",\"name\":\"Saham bank - Professionnels et TPE\",\"description\":\"\",\"publisher\":{\"@id\":\"https:\/\/www.sahambank.com\/pro-tpe\/#organization\"},\"potentialAction\":[{\"@type\":\"SearchAction\",\"target\":{\"@type\":\"EntryPoint\",\"urlTemplate\":\"https:\/\/www.sahambank.com\/pro-tpe\/?s={search_term_string}\"},\"query-input\":\"required name=search_term_string\"}],\"inLanguage\":\"fr-FR\"},{\"@type\":\"Organization\",\"@id\":\"https:\/\/www.sahambank.com\/pro-tpe\/#organization\",\"name\":\"Saham bank - Professionnels et TPE\",\"url\":\"https:\/\/www.sahambank.com\/pro-tpe\/\",\"logo\":{\"@type\":\"ImageObject\",\"inLanguage\":\"fr-FR\",\"@id\":\"https:\/\/www.sahambank.com\/pro-tpe\/#\/schema\/logo\/image\/\",\"url\":\"https:\/\/www.sahambank.com\/pro-tpe\/wp-content\/uploads\/sites\/2\/2025\/06\/Logo-sahambank-2-1024x577-1.png\",\"contentUrl\":\"https:\/\/www.sahambank.com\/pro-tpe\/wp-content\/uploads\/sites\/2\/2025\/06\/Logo-sahambank-2-1024x577-1.png\",\"width\":1024,\"height\":577,\"caption\":\"Saham bank - Professionnels et TPE\"},\"image\":{\"@id\":\"https:\/\/www.sahambank.com\/pro-tpe\/#\/schema\/logo\/image\/\"},\"sameAs\":[\"https:\/\/linkedin.com\/company\/saham-bank-officiel\",\"https:\/\/youtube.com\/saham_bank\",\"https:\/\/facebook.com\/sahambankofficiel\",\"https:\/\/twitter.com\/saham_bank\"]}]}<\/script>\n<!-- \/ Yoast SEO plugin. -->","yoast_head_json":{"title":"Banque au quotidien - Saham bank - Professionnels et TPE","robots":{"index":"index","follow":"follow","max-snippet":"max-snippet:-1","max-image-preview":"max-image-preview:large","max-video-preview":"max-video-preview:-1"},"canonical":"https:\/\/www.sahambank.com\/pro-tpe\/banque-au-quotidien\/","og_locale":"fr_FR","og_type":"article","og_title":"Banque au quotidien - Saham bank - Professionnels et TPE","og_description":"Ma banque, mon alli\u00e9e au quotidien Simplifiez votre gestion bancaire avec Saham Bank, qui vous [&hellip;]","og_url":"https:\/\/www.sahambank.com\/pro-tpe\/banque-au-quotidien\/","og_site_name":"Saham bank - Professionnels et TPE","article_publisher":"https:\/\/facebook.com\/sahambankofficiel","article_modified_time":"2025-10-13T14:11:57+00:00","og_image":[{"width":1988,"height":694,"url":"https:\/\/www.sahambank.com\/pro-tpe\/wp-content\/uploads\/sites\/2\/2025\/06\/banque-au-quotidien-pro.jpg","type":"image\/jpeg"}],"twitter_card":"summary_large_image","twitter_site":"@saham_bank","twitter_misc":{"Dur\u00e9e de lecture estim\u00e9e":"1 minute"},"schema":{"@context":"https:\/\/schema.org","@graph":[{"@type":"WebPage","@id":"https:\/\/www.sahambank.com\/pro-tpe\/banque-au-quotidien\/","url":"https:\/\/www.sahambank.com\/pro-tpe\/banque-au-quotidien\/","name":"Banque au quotidien - Saham bank - Professionnels et TPE","isPartOf":{"@id":"https:\/\/www.sahambank.com\/pro-tpe\/#website"},"datePublished":"2022-05-24T11:48:59+00:00","dateModified":"2025-10-13T14:11:57+00:00","breadcrumb":{"@id":"https:\/\/www.sahambank.com\/pro-tpe\/banque-au-quotidien\/#breadcrumb"},"inLanguage":"fr-FR","potentialAction":[{"@type":"ReadAction","target":["https:\/\/www.sahambank.com\/pro-tpe\/banque-au-quotidien\/"]}]},{"@type":"BreadcrumbList","@id":"https:\/\/www.sahambank.com\/pro-tpe\/banque-au-quotidien\/#breadcrumb","itemListElement":[{"@type":"ListItem","position":1,"name":"Home","item":"https:\/\/www.sahambank.com\/pro-tpe\/"},{"@type":"ListItem","position":2,"name":"Banque au quotidien"}]},{"@type":"WebSite","@id":"https:\/\/www.sahambank.com\/pro-tpe\/#website","url":"https:\/\/www.sahambank.com\/pro-tpe\/","name":"Saham bank - Professionnels et TPE","description":"","publisher":{"@id":"https:\/\/www.sahambank.com\/pro-tpe\/#organization"},"potentialAction":[{"@type":"SearchAction","target":{"@type":"EntryPoint","urlTemplate":"https:\/\/www.sahambank.com\/pro-tpe\/?s={search_term_string}"},"query-input":"required name=search_term_string"}],"inLanguage":"fr-FR"},{"@type":"Organization","@id":"https:\/\/www.sahambank.com\/pro-tpe\/#organization","name":"Saham bank - Professionnels et TPE","url":"https:\/\/www.sahambank.com\/pro-tpe\/","logo":{"@type":"ImageObject","inLanguage":"fr-FR","@id":"https:\/\/www.sahambank.com\/pro-tpe\/#\/schema\/logo\/image\/","url":"https:\/\/www.sahambank.com\/pro-tpe\/wp-content\/uploads\/sites\/2\/2025\/06\/Logo-sahambank-2-1024x577-1.png","contentUrl":"https:\/\/www.sahambank.com\/pro-tpe\/wp-content\/uploads\/sites\/2\/2025\/06\/Logo-sahambank-2-1024x577-1.png","width":1024,"height":577,"caption":"Saham bank - Professionnels et TPE"},"image":{"@id":"https:\/\/www.sahambank.com\/pro-tpe\/#\/schema\/logo\/image\/"},"sameAs":["https:\/\/linkedin.com\/company\/saham-bank-officiel","https:\/\/youtube.com\/saham_bank","https:\/\/facebook.com\/sahambankofficiel","https:\/\/twitter.com\/saham_bank"]}]}},"lang":"fr","translations":{"fr":315},"pll_sync_post":[],"_links":{"self":[{"href":"https:\/\/www.sahambank.com\/pro-tpe\/wp-json\/wp\/v2\/pages\/315"}],"collection":[{"href":"https:\/\/www.sahambank.com\/pro-tpe\/wp-json\/wp\/v2\/pages"}],"about":[{"href":"https:\/\/www.sahambank.com\/pro-tpe\/wp-json\/wp\/v2\/types\/page"}],"author":[{"embeddable":true,"href":"https:\/\/www.sahambank.com\/pro-tpe\/wp-json\/wp\/v2\/users\/1"}],"replies":[{"embeddable":true,"href":"https:\/\/www.sahambank.com\/pro-tpe\/wp-json\/wp\/v2\/comments?post=315"}],"version-history":[{"count":46,"href":"https:\/\/www.sahambank.com\/pro-tpe\/wp-json\/wp\/v2\/pages\/315\/revisions"}],"predecessor-version":[{"id":1349,"href":"https:\/\/www.sahambank.com\/pro-tpe\/wp-json\/wp\/v2\/pages\/315\/revisions\/1349"}],"wp:featuredmedia":[{"embeddable":true,"href":"https:\/\/www.sahambank.com\/pro-tpe\/wp-json\/wp\/v2\/media\/1222"}],"wp:attachment":[{"href":"https:\/\/www.sahambank.com\/pro-tpe\/wp-json\/wp\/v2\/media?parent=315"}],"curies":[{"name":"wp","href":"https:\/\/api.w.org\/{rel}","templated":true}]}}