{"id":84,"date":"2026-01-04T03:17:31","date_gmt":"2026-01-04T02:17:31","guid":{"rendered":"https:\/\/www.sahambank.com\/nabd\/?page_id=84"},"modified":"2026-01-04T03:17:31","modified_gmt":"2026-01-04T02:17:31","slug":"donnees-personnelles","status":"publish","type":"page","link":"https:\/\/www.sahambank.com\/nabd\/donnees-personnelles\/","title":{"rendered":"Donn\u00e9es personnelles"},"content":{"rendered":"\n<p>La Banque est tenue au secret professionnel. L\u2019obligation est faite \u00e0 son personnel de ne pas r\u00e9v\u00e9ler les informations confidentielles dont il a connaissance. Cependant, lorsque la loi le pr\u00e9voit, le secret professionnel ne peut \u00eatre oppos\u00e9 aux personnes, autorit\u00e9s ou organismes vis\u00e9s par cette derni\u00e8re.<\/p>\n\n\n\n<p>En application des dispositions de la loi n\u00b0 09-08 relative \u00e0 la protection des personnes physiques \u00e0 l&rsquo;\u00e9gard du traitement des donn\u00e9es \u00e0 caract\u00e8re personnel, et conform\u00e9ment \u00e0 la d\u00e9lib\u00e9ration en vigueur de la Commission Nationale de Contr\u00f4le de la Protection des Donn\u00e9es \u00e0 Caract\u00e8re Personnel (CNDP) relative \u00e0 la d\u00e9finition de l\u2019usage des technologies de reconnaissance faciale dans le cadre du dispositif du compte \u00e0 distance par les banques et \u00e9tablissements de paiement, le Client donne consentement \u00e0 la Banque \u00e0 l\u2019effet de traiter ses donn\u00e9es \u00e0 caract\u00e8re personnel notamment ses donn\u00e9es biom\u00e9triques de reconnaissance faciale pour la gestion du dispositif de compte \u00e0 distance ; L\u2019utilisateur consent en outre que ses donn\u00e9es \u00e0 caract\u00e8re personnel soient communiqu\u00e9es \u00e0 la soci\u00e9t\u00e9-m\u00e8re Saham Bank, \u00e0 ses filiales, \u00e0 ses sous-traitants, aux autres \u00e9tablissements teneurs de comptes pour les transferts de fonds, aux interm\u00e9diaires pour l\u2019ex\u00e9cution de certaines op\u00e9rations bancaires, aux autorit\u00e9s comp\u00e9tentes ou de tutelle habilit\u00e9es, aux centrales d\u2019information, aux compagnies et courtiers d\u2019assurances d\u00fbment habilit\u00e9s, aux ayants droit, tuteurs et mandataires habilit\u00e9s.<\/p>\n\n\n\n<p>Les donn\u00e9es personnelles collect\u00e9es peuvent, \u00e0 l\u2019occasion de diverses op\u00e9rations faire l\u2019objet d\u2019un transfert \u00e0 l\u2019\u00e9tranger dans le respect des dispositions des articles 43 et 44 de la loi 09-08,<\/p>\n\n\n\n<p>La Banque est l\u2019entit\u00e9 responsable du traitement des donn\u00e9es personnelles.<\/p>\n\n\n\n<p>Saham Bank est une soci\u00e9t\u00e9 anonyme, ayant son si\u00e8ge au 55, boulevard Abdelmoumen \u00e0 Casablanca.<\/p>\n\n\n\n<p>Les donn\u00e9es \u00e0 caract\u00e8re personnel collect\u00e9es sur le site sahambank.com\/nabD \u00e0 l\u2019aide des formulaires disponibles, font l\u2019objet d\u2019un traitement destin\u00e9 pour l\u2019initialisation de l\u2019ouverture d\u2019un compte \u00e0 distance et la souscription aux produits.<\/p>\n\n\n\n<p>Les donn\u00e9es \u00e0 caract\u00e8re personnel sont communiqu\u00e9es aux services du si\u00e8ge de Saham Bank, ainsi qu\u2019\u00e0 ses sous-traitants.<\/p>\n\n\n\n<p>Conform\u00e9ment \u00e0 la loi 09-08 promulgu\u00e9e par le dahir 1-09-15 du 18 f\u00e9vrier 2009, relative \u00e0 la protection des personnes physiques \u00e0 l\u2019\u00e9gard du traitement des donn\u00e9es \u00e0 caract\u00e8re personnel, vous b\u00e9n\u00e9ficiez d\u2019un droit d\u2019acc\u00e8s et de rectification aux informations qui vous concernent, que vous pouvez exercer en contactant nabD \u00a0:<\/p>\n\n\n\n<p>Par t\u00e9l\u00e9phone au 2288* depuis le Maroc et au 00212 522 45 96 96 depuis l\u2019\u00e9tranger<\/p>\n\n\n\n<p>Vous pouvez \u00e9galement, pour des motifs l\u00e9gitimes, vous opposer \u00e0 ce que les donn\u00e9es qui vous concernent fassent l\u2019objet d\u2019un traitement.<\/p>\n\n\n\n<p>Ce traitement a \u00e9t\u00e9 notifi\u00e9 et autoris\u00e9 par la CNDP au titre de l\u2019autorisation n\u00b0 D-W-182\/2015<\/p>\n\n\n\n<p>Vos donn\u00e9es personnelles restent strictement confidentielles et prot\u00e9g\u00e9es. Nous avons mis en place des syst\u00e8mes et des proc\u00e9dures professionnels ad\u00e9quats. De plus, nous utilisons des restrictions techniques et physiques pour limiter l\u2019acc\u00e8s \u00e0 vos donn\u00e9es personnelles et leurs utilisations. Seul le personnel habilit\u00e9 est autoris\u00e9 \u00e0 acc\u00e9der \u00e0 vos informations personnelles pour exercer ses fonctions dans le cadre de nos services.<\/p>\n\n\n\n<p class=\"has-small-font-size\">*au prix d\u2019une communication locale<\/p>\n","protected":false},"excerpt":{"rendered":"<p>La Banque est tenue au secret professionnel. L\u2019obligation est faite \u00e0 son personnel de ne pas r\u00e9v\u00e9ler les informations confidentielles dont il a connaissance. Cependant, lorsque la loi le pr\u00e9voit, le secret professionnel ne peut \u00eatre oppos\u00e9 aux personnes, autorit\u00e9s ou organismes vis\u00e9s par cette derni\u00e8re. En application des dispositions de la loi n\u00b0 09-08 [&hellip;]<\/p>\n","protected":false},"author":1,"featured_media":0,"parent":0,"menu_order":0,"comment_status":"closed","ping_status":"closed","template":"","meta":{"inline_featured_image":false,"footnotes":""},"acf":[],"yoast_head":"<!-- This site is optimized with the Yoast SEO plugin v20.0 - https:\/\/yoast.com\/wordpress\/plugins\/seo\/ -->\n<title>Donn\u00e9es personnelles - nabD - Banque digitale<\/title>\n<meta name=\"robots\" content=\"index, follow, max-snippet:-1, max-image-preview:large, max-video-preview:-1\" \/>\n<link rel=\"canonical\" href=\"https:\/\/www.sahambank.com\/nabd\/donnees-personnelles\/\" \/>\n<meta property=\"og:locale\" content=\"fr_FR\" \/>\n<meta property=\"og:type\" content=\"article\" \/>\n<meta property=\"og:title\" content=\"Donn\u00e9es personnelles - nabD - Banque digitale\" \/>\n<meta property=\"og:description\" content=\"La Banque est tenue au secret professionnel. L\u2019obligation est faite \u00e0 son personnel de ne pas r\u00e9v\u00e9ler les informations confidentielles dont il a connaissance. Cependant, lorsque la loi le pr\u00e9voit, le secret professionnel ne peut \u00eatre oppos\u00e9 aux personnes, autorit\u00e9s ou organismes vis\u00e9s par cette derni\u00e8re. En application des dispositions de la loi n\u00b0 09-08 [&hellip;]\" \/>\n<meta property=\"og:url\" content=\"https:\/\/www.sahambank.com\/nabd\/donnees-personnelles\/\" \/>\n<meta property=\"og:site_name\" content=\"nabD - Banque digitale\" \/>\n<meta name=\"twitter:card\" content=\"summary_large_image\" \/>\n<meta name=\"twitter:label1\" content=\"Dur\u00e9e de lecture estim\u00e9e\" \/>\n\t<meta name=\"twitter:data1\" content=\"3 minutes\" \/>\n<script type=\"application\/ld+json\" class=\"yoast-schema-graph\">{\"@context\":\"https:\/\/schema.org\",\"@graph\":[{\"@type\":\"WebPage\",\"@id\":\"https:\/\/www.sahambank.com\/nabd\/donnees-personnelles\/\",\"url\":\"https:\/\/www.sahambank.com\/nabd\/donnees-personnelles\/\",\"name\":\"Donn\u00e9es personnelles - nabD - Banque digitale\",\"isPartOf\":{\"@id\":\"https:\/\/www.sahambank.com\/nabd\/#website\"},\"datePublished\":\"2026-01-04T02:17:31+00:00\",\"dateModified\":\"2026-01-04T02:17:31+00:00\",\"breadcrumb\":{\"@id\":\"https:\/\/www.sahambank.com\/nabd\/donnees-personnelles\/#breadcrumb\"},\"inLanguage\":\"fr-FR\",\"potentialAction\":[{\"@type\":\"ReadAction\",\"target\":[\"https:\/\/www.sahambank.com\/nabd\/donnees-personnelles\/\"]}]},{\"@type\":\"BreadcrumbList\",\"@id\":\"https:\/\/www.sahambank.com\/nabd\/donnees-personnelles\/#breadcrumb\",\"itemListElement\":[{\"@type\":\"ListItem\",\"position\":1,\"name\":\"Accueil\",\"item\":\"https:\/\/www.sahambank.com\/nabd\/\"},{\"@type\":\"ListItem\",\"position\":2,\"name\":\"Donn\u00e9es personnelles\"}]},{\"@type\":\"WebSite\",\"@id\":\"https:\/\/www.sahambank.com\/nabd\/#website\",\"url\":\"https:\/\/www.sahambank.com\/nabd\/\",\"name\":\"nabD - Your lifestyle banking\",\"description\":\"Your lifestyle banking\",\"publisher\":{\"@id\":\"https:\/\/www.sahambank.com\/nabd\/#organization\"},\"potentialAction\":[{\"@type\":\"SearchAction\",\"target\":{\"@type\":\"EntryPoint\",\"urlTemplate\":\"https:\/\/www.sahambank.com\/nabd\/?s={search_term_string}\"},\"query-input\":\"required name=search_term_string\"}],\"inLanguage\":\"fr-FR\"},{\"@type\":\"Organization\",\"@id\":\"https:\/\/www.sahambank.com\/nabd\/#organization\",\"name\":\"nabD - Your lifestyle banking\",\"url\":\"https:\/\/www.sahambank.com\/nabd\/\",\"logo\":{\"@type\":\"ImageObject\",\"inLanguage\":\"fr-FR\",\"@id\":\"https:\/\/www.sahambank.com\/nabd\/#\/schema\/logo\/image\/\",\"url\":\"https:\/\/www.sahambank.com\/nabd\/wp-content\/uploads\/sites\/5\/2026\/01\/nabd-ecran-16X9.png\",\"contentUrl\":\"https:\/\/www.sahambank.com\/nabd\/wp-content\/uploads\/sites\/5\/2026\/01\/nabd-ecran-16X9.png\",\"width\":1600,\"height\":900,\"caption\":\"nabD - Your lifestyle banking\"},\"image\":{\"@id\":\"https:\/\/www.sahambank.com\/nabd\/#\/schema\/logo\/image\/\"},\"sameAs\":[\"https:\/\/www.youtube.com\/@nabDBySahambank\"]}]}<\/script>\n<!-- \/ Yoast SEO plugin. -->","yoast_head_json":{"title":"Donn\u00e9es personnelles - nabD - Banque digitale","robots":{"index":"index","follow":"follow","max-snippet":"max-snippet:-1","max-image-preview":"max-image-preview:large","max-video-preview":"max-video-preview:-1"},"canonical":"https:\/\/www.sahambank.com\/nabd\/donnees-personnelles\/","og_locale":"fr_FR","og_type":"article","og_title":"Donn\u00e9es personnelles - nabD - Banque digitale","og_description":"La Banque est tenue au secret professionnel. L\u2019obligation est faite \u00e0 son personnel de ne pas r\u00e9v\u00e9ler les informations confidentielles dont il a connaissance. Cependant, lorsque la loi le pr\u00e9voit, le secret professionnel ne peut \u00eatre oppos\u00e9 aux personnes, autorit\u00e9s ou organismes vis\u00e9s par cette derni\u00e8re. En application des dispositions de la loi n\u00b0 09-08 [&hellip;]","og_url":"https:\/\/www.sahambank.com\/nabd\/donnees-personnelles\/","og_site_name":"nabD - Banque digitale","twitter_card":"summary_large_image","twitter_misc":{"Dur\u00e9e de lecture estim\u00e9e":"3 minutes"},"schema":{"@context":"https:\/\/schema.org","@graph":[{"@type":"WebPage","@id":"https:\/\/www.sahambank.com\/nabd\/donnees-personnelles\/","url":"https:\/\/www.sahambank.com\/nabd\/donnees-personnelles\/","name":"Donn\u00e9es personnelles - nabD - Banque digitale","isPartOf":{"@id":"https:\/\/www.sahambank.com\/nabd\/#website"},"datePublished":"2026-01-04T02:17:31+00:00","dateModified":"2026-01-04T02:17:31+00:00","breadcrumb":{"@id":"https:\/\/www.sahambank.com\/nabd\/donnees-personnelles\/#breadcrumb"},"inLanguage":"fr-FR","potentialAction":[{"@type":"ReadAction","target":["https:\/\/www.sahambank.com\/nabd\/donnees-personnelles\/"]}]},{"@type":"BreadcrumbList","@id":"https:\/\/www.sahambank.com\/nabd\/donnees-personnelles\/#breadcrumb","itemListElement":[{"@type":"ListItem","position":1,"name":"Accueil","item":"https:\/\/www.sahambank.com\/nabd\/"},{"@type":"ListItem","position":2,"name":"Donn\u00e9es personnelles"}]},{"@type":"WebSite","@id":"https:\/\/www.sahambank.com\/nabd\/#website","url":"https:\/\/www.sahambank.com\/nabd\/","name":"nabD - Your lifestyle banking","description":"Your lifestyle banking","publisher":{"@id":"https:\/\/www.sahambank.com\/nabd\/#organization"},"potentialAction":[{"@type":"SearchAction","target":{"@type":"EntryPoint","urlTemplate":"https:\/\/www.sahambank.com\/nabd\/?s={search_term_string}"},"query-input":"required name=search_term_string"}],"inLanguage":"fr-FR"},{"@type":"Organization","@id":"https:\/\/www.sahambank.com\/nabd\/#organization","name":"nabD - Your lifestyle banking","url":"https:\/\/www.sahambank.com\/nabd\/","logo":{"@type":"ImageObject","inLanguage":"fr-FR","@id":"https:\/\/www.sahambank.com\/nabd\/#\/schema\/logo\/image\/","url":"https:\/\/www.sahambank.com\/nabd\/wp-content\/uploads\/sites\/5\/2026\/01\/nabd-ecran-16X9.png","contentUrl":"https:\/\/www.sahambank.com\/nabd\/wp-content\/uploads\/sites\/5\/2026\/01\/nabd-ecran-16X9.png","width":1600,"height":900,"caption":"nabD - Your lifestyle banking"},"image":{"@id":"https:\/\/www.sahambank.com\/nabd\/#\/schema\/logo\/image\/"},"sameAs":["https:\/\/www.youtube.com\/@nabDBySahambank"]}]}},"lang":false,"translations":[],"_links":{"self":[{"href":"https:\/\/www.sahambank.com\/nabd\/wp-json\/wp\/v2\/pages\/84"}],"collection":[{"href":"https:\/\/www.sahambank.com\/nabd\/wp-json\/wp\/v2\/pages"}],"about":[{"href":"https:\/\/www.sahambank.com\/nabd\/wp-json\/wp\/v2\/types\/page"}],"author":[{"embeddable":true,"href":"https:\/\/www.sahambank.com\/nabd\/wp-json\/wp\/v2\/users\/1"}],"replies":[{"embeddable":true,"href":"https:\/\/www.sahambank.com\/nabd\/wp-json\/wp\/v2\/comments?post=84"}],"version-history":[{"count":0,"href":"https:\/\/www.sahambank.com\/nabd\/wp-json\/wp\/v2\/pages\/84\/revisions"}],"wp:attachment":[{"href":"https:\/\/www.sahambank.com\/nabd\/wp-json\/wp\/v2\/media?parent=84"}],"curies":[{"name":"wp","href":"https:\/\/api.w.org\/{rel}","templated":true}]}}