{"id":145,"date":"2026-01-04T04:07:21","date_gmt":"2026-01-04T03:07:21","guid":{"rendered":"https:\/\/www.sahambank.com\/nabd\/?page_id=145"},"modified":"2026-01-04T23:07:33","modified_gmt":"2026-01-04T22:07:33","slug":"reclamation","status":"publish","type":"page","link":"https:\/\/www.sahambank.com\/nabd\/reclamation\/","title":{"rendered":"R\u00e9clamation"},"content":{"rendered":"\n<p>Pour soumettre une r\u00e9clamation, veuillez renseigner et nous envoyer le formulaire ci-dessous.<\/p>\n\n\n\n<div class=\"forminator-guttenberg\"><div class=\"forminator-ui forminator-custom-form forminator-custom-form-149 forminator-design--default  forminator_ajax\" data-forminator-render=\"0\" data-form=\"forminator-module-149\" data-uid=\"69e69dcb1581c\"><br\/><\/div><form\n\t\t\t\tid=\"forminator-module-149\"\n\t\t\t\tclass=\"forminator-ui forminator-custom-form forminator-custom-form-149 forminator-design--default  forminator_ajax\"\n\t\t\t\tmethod=\"post\"\n\t\t\t\tdata-forminator-render=\"0\"\n\t\t\t\tdata-form-id=\"149\"\n\t\t\t\t\n\t\t\t\tdata-design=\"default\"\n\t\t\t\t\n\t\t\t\t\n\t\t\t\t\n\t\t\t\tdata-grid=\"open\"\n\t\t\t\t\n\t\t\t\t\n\t\t\t\tstyle=\"display: none;\"\n\t\t\t\t\n\t\t\t\tdata-uid=\"69e69dcb1581c\"\n\t\t\t><div role=\"alert\" aria-live=\"polite\" class=\"forminator-response-message forminator-error\" aria-hidden=\"true\"><\/div><div class=\"forminator-row\"><div id=\"radio-1\" class=\"forminator-col forminator-col-12 \"><div role=\"radiogroup\" class=\"forminator-field\" aria-labelledby=\"forminator-radiogroup-69e69dcb1581c-label\" aria-describedby=\"forminator-radiogroup-69e69dcb1581c-description\"><span id=\"forminator-radiogroup-69e69dcb1581c-label\" class=\"forminator-label\">Client nabD ? <span class=\"forminator-required\">*<\/span><\/span><label id=\"forminator-field-radio-1-label-1\" for=\"forminator-field-radio-1-1-69e69dcb1581c\" class=\"forminator-radio forminator-radio-inline\" title=\"Oui\"><input type=\"radio\" name=\"radio-1\" value=\"Oui\" id=\"forminator-field-radio-1-1-69e69dcb1581c\" aria-labelledby=\"forminator-field-radio-1-label-1\" data-calculation=\"0\"   data-hidden-behavior=\"zero\" aria-describedby=\"forminator-field-radio-1-69e69dcb1581c-description\"\/><span class=\"forminator-radio-bullet\" aria-hidden=\"true\"><\/span><span class=\"forminator-radio-label\">Oui<\/span><\/label><label id=\"forminator-field-radio-1-label-2\" for=\"forminator-field-radio-1-2-69e69dcb1581c\" class=\"forminator-radio forminator-radio-inline\" title=\"Non\"><input type=\"radio\" name=\"radio-1\" value=\"Non\" id=\"forminator-field-radio-1-2-69e69dcb1581c\" aria-labelledby=\"forminator-field-radio-1-label-2\" data-calculation=\"0\"   data-hidden-behavior=\"zero\" aria-describedby=\"forminator-field-radio-1-69e69dcb1581c-description\"\/><span class=\"forminator-radio-bullet\" aria-hidden=\"true\"><\/span><span class=\"forminator-radio-label\">Non<\/span><\/label><\/div><\/div><\/div><div class=\"forminator-row\"><div id=\"radio-2\" class=\"forminator-col forminator-col-12 \"><div role=\"radiogroup\" class=\"forminator-field\" aria-labelledby=\"forminator-radiogroup-69e69dcb1581c-label\" aria-describedby=\"forminator-radiogroup-69e69dcb1581c-description\"><span id=\"forminator-radiogroup-69e69dcb1581c-label\" class=\"forminator-label\">Vous \u00eates : <span class=\"forminator-required\">*<\/span><\/span><label id=\"forminator-field-radio-2-label-1\" for=\"forminator-field-radio-2-1-69e69dcb1581c\" class=\"forminator-radio\" title=\"Marocains R\u00e9sidants au Maroc\"><input type=\"radio\" name=\"radio-2\" value=\"Marocains-R\u00e9sidants-au-Maroc\" id=\"forminator-field-radio-2-1-69e69dcb1581c\" aria-labelledby=\"forminator-field-radio-2-label-1\" data-calculation=\"0\"   data-hidden-behavior=\"zero\" aria-describedby=\"forminator-field-radio-2-69e69dcb1581c-description\"\/><span class=\"forminator-radio-bullet\" aria-hidden=\"true\"><\/span><span class=\"forminator-radio-label\">Marocains R\u00e9sidants au Maroc<\/span><\/label><label id=\"forminator-field-radio-2-label-2\" for=\"forminator-field-radio-2-2-69e69dcb1581c\" class=\"forminator-radio\" title=\"Marocains R\u00e9sidants \u00e0 l\u2019\u00e9tranger\"><input type=\"radio\" name=\"radio-2\" value=\"Marocains-R\u00e9sidants-\u00e0-l\u2019\u00e9tranger\" id=\"forminator-field-radio-2-2-69e69dcb1581c\" aria-labelledby=\"forminator-field-radio-2-label-2\" data-calculation=\"0\"   data-hidden-behavior=\"zero\" aria-describedby=\"forminator-field-radio-2-69e69dcb1581c-description\"\/><span class=\"forminator-radio-bullet\" aria-hidden=\"true\"><\/span><span class=\"forminator-radio-label\">Marocains R\u00e9sidants \u00e0 l\u2019\u00e9tranger<\/span><\/label><label id=\"forminator-field-radio-2-label-3\" for=\"forminator-field-radio-2-3-69e69dcb1581c\" class=\"forminator-radio\" title=\"Etrangers R\u00e9sidants au Maroc\"><input type=\"radio\" name=\"radio-2\" value=\"Etrangers-R\u00e9sidants-au-Maroc\" id=\"forminator-field-radio-2-3-69e69dcb1581c\" aria-labelledby=\"forminator-field-radio-2-label-3\" data-calculation=\"0\"   data-hidden-behavior=\"zero\" aria-describedby=\"forminator-field-radio-2-69e69dcb1581c-description\"\/><span class=\"forminator-radio-bullet\" aria-hidden=\"true\"><\/span><span class=\"forminator-radio-label\">Etrangers R\u00e9sidants au Maroc<\/span><\/label><\/div><\/div><\/div><div class=\"forminator-row\"><div id=\"radio-3\" class=\"forminator-col forminator-col-12 \"><div role=\"radiogroup\" class=\"forminator-field\" aria-labelledby=\"forminator-radiogroup-69e69dcb1581c-label\" aria-describedby=\"forminator-radiogroup-69e69dcb1581c-description\"><span id=\"forminator-radiogroup-69e69dcb1581c-label\" class=\"forminator-label\">Civilit\u00e9 <span class=\"forminator-required\">*<\/span><\/span><label id=\"forminator-field-radio-3-label-1\" for=\"forminator-field-radio-3-1-69e69dcb1581c\" class=\"forminator-radio forminator-radio-inline\" title=\"Mme\"><input type=\"radio\" name=\"radio-3\" value=\"Mme\" id=\"forminator-field-radio-3-1-69e69dcb1581c\" aria-labelledby=\"forminator-field-radio-3-label-1\" data-calculation=\"0\"   data-hidden-behavior=\"zero\" aria-describedby=\"forminator-field-radio-3-69e69dcb1581c-description\"\/><span class=\"forminator-radio-bullet\" aria-hidden=\"true\"><\/span><span class=\"forminator-radio-label\">Mme<\/span><\/label><label id=\"forminator-field-radio-3-label-2\" for=\"forminator-field-radio-3-2-69e69dcb1581c\" class=\"forminator-radio forminator-radio-inline\" title=\"M.\"><input type=\"radio\" name=\"radio-3\" value=\"M.\" id=\"forminator-field-radio-3-2-69e69dcb1581c\" aria-labelledby=\"forminator-field-radio-3-label-2\" data-calculation=\"0\"   data-hidden-behavior=\"zero\" aria-describedby=\"forminator-field-radio-3-69e69dcb1581c-description\"\/><span class=\"forminator-radio-bullet\" aria-hidden=\"true\"><\/span><span class=\"forminator-radio-label\">M.<\/span><\/label><\/div><\/div><\/div><div class=\"forminator-row\"><div id=\"email-1\" class=\"forminator-col forminator-col-6 \"><div class=\"forminator-field\"><label for=\"forminator-field-email-1_69e69dcb1581c\" class=\"forminator-label\" id=\"forminator-field-email-1_69e69dcb1581c-label\">E-mail <span class=\"forminator-required\">*<\/span><\/label><input type=\"email\" name=\"email-1\" value=\"\" placeholder=\"\" id=\"forminator-field-email-1_69e69dcb1581c\" class=\"forminator-input forminator-email--field\" data-required=\"1\" aria-required=\"true\" \/><\/div><\/div><div id=\"phone-1\" class=\"forminator-col forminator-col-6 \"><div class=\"forminator-field\"><label for=\"forminator-field-phone-1_69e69dcb1581c\" class=\"forminator-label\" id=\"forminator-field-phone-1_69e69dcb1581c-label\">T\u00e9l\u00e9phone<\/label><input type=\"text\" name=\"phone-1\" value=\"\" placeholder=\"\" id=\"forminator-field-phone-1_69e69dcb1581c\" class=\"forminator-input forminator-field--phone\" data-required=\"\" aria-required=\"false\" autocomplete=\"off\" \/><\/div><\/div><\/div><div class=\"forminator-row\"><div id=\"radio-4\" class=\"forminator-col forminator-col-6 \"><div role=\"radiogroup\" class=\"forminator-field\" aria-labelledby=\"forminator-radiogroup-69e69dcb1581c-label\" aria-describedby=\"forminator-radiogroup-69e69dcb1581c-description\"><span id=\"forminator-radiogroup-69e69dcb1581c-label\" class=\"forminator-label\">Type de pi\u00e8ce d\u2019identit\u00e9 <span class=\"forminator-required\">*<\/span><\/span><label id=\"forminator-field-radio-4-label-1\" for=\"forminator-field-radio-4-1-69e69dcb1581c\" class=\"forminator-radio forminator-radio-inline\" title=\"CIN\"><input type=\"radio\" name=\"radio-4\" value=\"CIN\" id=\"forminator-field-radio-4-1-69e69dcb1581c\" aria-labelledby=\"forminator-field-radio-4-label-1\" data-calculation=\"0\"   data-hidden-behavior=\"zero\" aria-describedby=\"forminator-field-radio-4-69e69dcb1581c-description\"\/><span class=\"forminator-radio-bullet\" aria-hidden=\"true\"><\/span><span class=\"forminator-radio-label\">CIN<\/span><\/label><label id=\"forminator-field-radio-4-label-2\" for=\"forminator-field-radio-4-2-69e69dcb1581c\" class=\"forminator-radio forminator-radio-inline\" title=\"Carte de s\u00e9jour\"><input type=\"radio\" name=\"radio-4\" value=\"Carte-de-s\u00e9jour\" id=\"forminator-field-radio-4-2-69e69dcb1581c\" aria-labelledby=\"forminator-field-radio-4-label-2\" data-calculation=\"0\"   data-hidden-behavior=\"zero\" aria-describedby=\"forminator-field-radio-4-69e69dcb1581c-description\"\/><span class=\"forminator-radio-bullet\" aria-hidden=\"true\"><\/span><span class=\"forminator-radio-label\">Carte de s\u00e9jour<\/span><\/label><\/div><\/div><div id=\"text-1\" class=\"forminator-col forminator-col-6 \"><div class=\"forminator-field\"><label for=\"forminator-field-text-1_69e69dcb1581c\" class=\"forminator-label\" id=\"forminator-field-text-1_69e69dcb1581c-label\">Num\u00e9ro de la pi\u00e8ce d\u2019identit\u00e9 <span class=\"forminator-required\">*<\/span><\/label><input type=\"text\" name=\"text-1\" value=\"\" placeholder=\"\" id=\"forminator-field-text-1_69e69dcb1581c\" class=\"forminator-input forminator-name--field\" data-required=\"1\" \/><\/div><\/div><\/div><div class=\"forminator-row\"><div id=\"select-1\" class=\"forminator-col forminator-col-12 \"><div class=\"forminator-field\"><label for=\"forminator-form-149__field--select-1_69e69dcb1581c\" id=\"forminator-form-149__field--select-1_69e69dcb1581c-label\" class=\"forminator-label\">Cat\u00e9gorie de r\u00e9clamation <span class=\"forminator-required\">*<\/span><\/label><select id=\"forminator-form-149__field--select-1_69e69dcb1581c\" class=\"forminator-select--field forminator-select2\" data-required=\"1\" name=\"select-1\" data-default-value=\"Ouverture-de-compte\" data-hidden-behavior=\"zero\" data-placeholder=\"Merci de choisir une option\" data-search=\"false\" aria-labelledby=\"forminator-form-149__field--select-1_69e69dcb1581c-label\" aria-describedby=\"forminator-form-149__field--select-1_69e69dcb1581c-description\"><option value=\"\">Merci de choisir une option<\/option><option value=\"Ouverture-de-compte\" selected=\"selected\" data-calculation=\"0\">Ouverture de compte<\/option><option value=\"Application\"  data-calculation=\"0\">Application<\/option><option value=\"Carte\"  data-calculation=\"0\">Carte<\/option><option value=\"Livraison-carte\"  data-calculation=\"0\">Livraison carte<\/option><option value=\"Injoignabilit\u00e9\"  data-calculation=\"0\">Injoignabilit\u00e9<\/option><option value=\"Autre\"  data-calculation=\"0\">Autre<\/option><\/select><\/div><\/div><\/div><div class=\"forminator-row\"><div id=\"text-2\" class=\"forminator-col forminator-col-12 \"><div class=\"forminator-field\"><label for=\"forminator-field-text-2_69e69dcb1581c\" class=\"forminator-label\" id=\"forminator-field-text-2_69e69dcb1581c-label\">\u00c0 pr\u00e9ciser <span class=\"forminator-required\">*<\/span><\/label><input type=\"text\" name=\"text-2\" value=\"\" placeholder=\"\" id=\"forminator-field-text-2_69e69dcb1581c\" class=\"forminator-input forminator-name--field\" data-required=\"1\" \/><\/div><\/div><\/div><div class=\"forminator-row\"><div id=\"textarea-1\" class=\"forminator-col forminator-col-12 \"><div class=\"forminator-field\"><label for=\"forminator-field-textarea-1_69e69dcb1581c\" id=\"forminator-field-textarea-1_69e69dcb1581c-label\" class=\"forminator-label\">Description de la r\u00e9clamation <span class=\"forminator-required\">*<\/span><\/label><textarea name=\"textarea-1\" placeholder=\"\" id=\"forminator-field-textarea-1_69e69dcb1581c\" class=\"forminator-textarea\" rows=\"6\" style=\"min-height:60px;\" ><\/textarea><\/div><\/div><\/div><div class=\"forminator-row\"><div id=\"text-3\" class=\"forminator-col forminator-col-12  sgcaptcha\"><div class=\"forminator-field\"><label for=\"forminator-field-text-3_69e69dcb1581c\" class=\"forminator-label\" id=\"forminator-field-text-3_69e69dcb1581c-label\">Captcha <span class=\"forminator-required\">*<\/span><\/label><div class=\"sgcaptcha-bloc\" style=\"width: 25%; height: 40px;float: left\"><img decoding=\"async\" src=\"data:image\/png;base64,iVBORw0KGgoAAAANSUhEUgAAAHgAAAAeCAIAAABoq03CAAAACXBIWXMAAA7EAAAOxAGVKw4bAAAF\/0lEQVRoge2aeWwUVRzHf+\/NzO7Mzu6WVkpbSmk52hRaqBxFKFAhDSmVG4IgFrDcihopEAiiMaKEWEFiVEwwYBCNxaNyWDGAqMgRIlAgFCiloeUoUuix18zOzJvnHxJsGmB3ttPFo5\/\/Zmd\/3\/nON2\/e\/N7bRZRSaKftwY\/awP+F9qDDRHvQYcL8oKmuaxeqTJf9t2Ny0FTTpDUfIrvNXNn\/AMjEroMqqmf+q9ZZE5FoU\/YcFN9aYpZykMjbSnxvfgCSHzgWOe1I4O+d4udP4+dNDbOf5pgWNPXJ7nmrmKR4vbZOO1YGAJHn95qiHCRK6c\/ele9y2ZlMz0RkF4Hq+s3bpPoGSDKOj7GtLUQsG04\/LTBn6qA+2Z2\/lBucoR76nc1IpV4JuHDflX6rHnfuBBynnb4gf1YibfxUPX6G+iQUFUFVTT1wNMx+WmBCHFT2u2cttzw1Qtn7q2XMSCrJOC4aJ8S1XtkQpKqGnK1AdpF7chA\/exI7IB05xDB7eAitHdFU0zzzV1tGZ2tl5eL6lfr1m9Qr6dduWnKHGZUil2tCtyH7ldJfcM+ultxhwkszuRFP\/KNShtYH7X15DZuZTqpqbKtfYBLjyblLtMkNAMzjvY1K+b\/Y7X52aWg2SMUVWlvH9k0FhglNoa1p1dTh33WAeiVSfcO2fB6OjQYA6pVI1VWw29jePYyqKXsOUp+kN7lxhMNoLblYBQCAMZXkpnELyclzKDoKOUQcF83lZFmn5OKOkUY1zaVVQbNpybTRZc2fgPDfTwaprGYS45EYSiuNbEIIKQMAuXwVANTDJ5Sv9wIAeqwDEgV+9mRuVJay95BrymLbykWWvOwQlM2iVUEzPboyPbo2\/4SqGkj+8C9YqMcLdhtiGIiKAI1YxucARr6izez+w\/b3X7NOH+POX4Yi7FxW\/4frSBu2+ItL72q6PACAEzs7tq+nkkzOXiSV1Wz\/dHZQX2ThjDo0uQnDMR3J7Qba6DJXNiDIaUcsw2b24Rc9o+z+icqKdvIck9KNNnnc019xfLnRvmGVd8U73LcBghYK5zBpyfrtBv\/2XXpdPQCQiiuNQ55GLAMAVFWtk3PJ+UrrzImItxpyaHLQtL4RCNFr68yVDQjiLTipi+3tQhzhYNNTAIDqurx5BxIF3+r3vCuKHFvX6df\/CKjj\/+oHf3Epslq47IGWUVn3uVDHSH7WpBAcmhy0bmQsKweO6LV1TJdY\/U6jeuCIXt8EktzQazRy2rmcIfcW0ExGqnV8zsOlqFdiB6Q1n98RxsLC6fLnu5juCaS80l\/8PYp0BrRknZpnnZoX\/C0Ej5l7HQDQkJZHG93IaQ+4\/qa6jjCWt+\/0F5fqVTVU0cAnwV\/vMYGnfoXt19s6JdcydmQw11V\/O8H0Sbnvi7Rx6DTqVwCAL5giLM43fk\/mYPZCGeMgO1mEsbtgpXasDFgG2UUEQFmGeiUk2thBfZnU7mxGKpPSLcjLcsMGPPDU8Exl534QBX7uo9xUapMdCaqRYL7m2Lqu+aH\/u\/3S2k1CYYGJD6\/e4CKV1cAybFpykK8vcrnGNXbB\/c9xLBJ4HNtRWLEgYAPTgrb5hcUnUU0zWsSmJeu37pCKK0YLqdfnWbJWv3Gr5edur1S0mVy5RhWVHdQ3GClyqdpfsg91iqIaAasFx0Xj+BgQBaqq1OVhunURCgucOz82mjK00YgGANANT\/1MciISBVJeabQQiTYmJcm3dhM3dAA3OhtHOqmuq\/sOS0Wf6PVNuIMD9Uzkn5sclOu6O8o3P1KXG0c6mV492IF92H69mdTuyCYAb2m+LjNKmwSNuyeE0NIDADc8Uz1WFkKh8PwMeVuJdqpcO31Br72lHT9DXR5ACDDGA9Ntr78Y5EqVy+rf4eiOEAwExOSpg0lOAgAcHRVauTV\/AqgqVVSjhdrp88gu4oQ4HB+jnSpHDhFsAk6IE5bNsX\/0BtMlNjQ\/JmL2iCaESUu2htTSAwA7OMO+ZR1gZLTQu6KInK24e2ATcHysMHcqP2PcP2ez1OQ+up0H0f6\/jjDRHnSYaA86TPwJRQc9q0m+hAIAAAAASUVORK5CYII=\" \/><\/div><input type=\"text\" style=\"width: 75%\" name=\"text-3\" value=\"\" placeholder=\"?\" id=\"forminator-field-text-3_69e69dcb1581c\" class=\"forminator-input forminator-name--field\" data-required=\"1\" \/><\/div><\/div><\/div><div class=\"forminator-row\"><div id=\"consent-1\" class=\"forminator-col forminator-col-12 \"><div class=\"forminator-field\"><label for=\"forminator-field-consent-1_69e69dcb1581c\" class=\"forminator-label\">Conform\u00e9ment \u00e0 la loi 09-08, vous disposez d\u2019un droit d\u2019acc\u00e8s, de rectification et d\u2019opposition au traitement de vos donn\u00e9es personnelles. Ce traitement a \u00e9t\u00e9 autoris\u00e9 par la CNDP sous le n\u00b0 A-GC-190\/2014 <span class=\"forminator-required\">*<\/span><\/label><div class=\"forminator-checkbox__wrapper\"><label for=\"forminator-field-consent-1_69e69dcb1581c\" id=\"forminator-field-consent-1_69e69dcb1581c__label\" class=\"forminator-checkbox forminator-consent\" style=\"margin: 0;\"><input type=\"checkbox\" name=\"consent-1\" id=\"forminator-field-consent-1_69e69dcb1581c\" value=\"checked\" aria-labelledby=\"forminator-field-consent-1_69e69dcb1581c-label\" aria-describedby=\"forminator-field-consent-1_69e69dcb1581c__description\" data-required=\"true\" aria-required=\"true\" \/><span class=\"forminator-checkbox-box\" aria-hidden=\"true\"><\/span><\/label><div id=\"forminator-field-consent-1_69e69dcb1581c__description\" class=\"forminator-checkbox__label forminator-consent__label\"><p><em>J\u2019ai lu et j\u2019accepte les\u00a0<a href=\"https:\/\/www.sahambank.com\/nabd\/conditions-generales-dutilisation\/\">conditions g\u00e9n\u00e9rales d\u2019utilisation<\/a>, notamment la mention relative \u00e0 la protection des donn\u00e9es personnelles.<\/em><\/p><\/div><\/div><\/div><\/div><\/div><input type=\"hidden\" name=\"referer_url\" value=\"\" \/><div class=\"forminator-row forminator-row-last\"><div class=\"forminator-col\"><div class=\"forminator-field\"><button class=\"forminator-button forminator-button-submit\">Envoyer<\/button><\/div><\/div><\/div><input type=\"hidden\" id=\"forminator_nonce\" name=\"forminator_nonce\" value=\"24eb5fbcef\" \/><input type=\"hidden\" name=\"_wp_http_referer\" value=\"\/nabd\/wp-json\/wp\/v2\/pages\/145\" \/><input type=\"hidden\" name=\"form_id\" value=\"149\"><input type=\"hidden\" name=\"page_id\" value=\"145\"><input type=\"hidden\" name=\"form_type\" value=\"default\"><input type=\"hidden\" name=\"current_url\" value=\"https:\/\/www.sahambank.com\/nabd\/reclamation\/\"><input type=\"hidden\" name=\"render_id\" value=\"0\"><input type=\"hidden\" name=\"action\" value=\"forminator_submit_form_custom-forms\"><\/form><\/div>\n","protected":false},"excerpt":{"rendered":"<p>Pour soumettre une r\u00e9clamation, veuillez renseigner et nous envoyer le formulaire ci-dessous.<\/p>\n","protected":false},"author":1,"featured_media":0,"parent":0,"menu_order":0,"comment_status":"closed","ping_status":"closed","template":"","meta":{"inline_featured_image":false,"footnotes":""},"acf":[],"yoast_head":"<!-- This site is optimized with the Yoast SEO plugin v20.0 - https:\/\/yoast.com\/wordpress\/plugins\/seo\/ -->\n<title>R\u00e9clamation - nabD - Banque digitale<\/title>\n<meta name=\"robots\" content=\"index, follow, max-snippet:-1, max-image-preview:large, max-video-preview:-1\" \/>\n<link rel=\"canonical\" href=\"https:\/\/www.sahambank.com\/nabd\/reclamation\/\" \/>\n<meta property=\"og:locale\" content=\"fr_FR\" \/>\n<meta property=\"og:type\" content=\"article\" \/>\n<meta property=\"og:title\" content=\"R\u00e9clamation - nabD - Banque digitale\" \/>\n<meta property=\"og:description\" content=\"Pour soumettre une r\u00e9clamation, veuillez renseigner et nous envoyer le formulaire ci-dessous.\" \/>\n<meta property=\"og:url\" content=\"https:\/\/www.sahambank.com\/nabd\/reclamation\/\" \/>\n<meta property=\"og:site_name\" content=\"nabD - Banque digitale\" \/>\n<meta property=\"article:modified_time\" content=\"2026-01-04T22:07:33+00:00\" \/>\n<meta name=\"twitter:card\" content=\"summary_large_image\" \/>\n<script type=\"application\/ld+json\" class=\"yoast-schema-graph\">{\"@context\":\"https:\/\/schema.org\",\"@graph\":[{\"@type\":\"WebPage\",\"@id\":\"https:\/\/www.sahambank.com\/nabd\/reclamation\/\",\"url\":\"https:\/\/www.sahambank.com\/nabd\/reclamation\/\",\"name\":\"R\u00e9clamation - nabD - Banque digitale\",\"isPartOf\":{\"@id\":\"https:\/\/www.sahambank.com\/nabd\/#website\"},\"datePublished\":\"2026-01-04T03:07:21+00:00\",\"dateModified\":\"2026-01-04T22:07:33+00:00\",\"breadcrumb\":{\"@id\":\"https:\/\/www.sahambank.com\/nabd\/reclamation\/#breadcrumb\"},\"inLanguage\":\"fr-FR\",\"potentialAction\":[{\"@type\":\"ReadAction\",\"target\":[\"https:\/\/www.sahambank.com\/nabd\/reclamation\/\"]}]},{\"@type\":\"BreadcrumbList\",\"@id\":\"https:\/\/www.sahambank.com\/nabd\/reclamation\/#breadcrumb\",\"itemListElement\":[{\"@type\":\"ListItem\",\"position\":1,\"name\":\"Accueil\",\"item\":\"https:\/\/www.sahambank.com\/nabd\/\"},{\"@type\":\"ListItem\",\"position\":2,\"name\":\"R\u00e9clamation\"}]},{\"@type\":\"WebSite\",\"@id\":\"https:\/\/www.sahambank.com\/nabd\/#website\",\"url\":\"https:\/\/www.sahambank.com\/nabd\/\",\"name\":\"nabD - Your lifestyle banking\",\"description\":\"Your lifestyle banking\",\"publisher\":{\"@id\":\"https:\/\/www.sahambank.com\/nabd\/#organization\"},\"potentialAction\":[{\"@type\":\"SearchAction\",\"target\":{\"@type\":\"EntryPoint\",\"urlTemplate\":\"https:\/\/www.sahambank.com\/nabd\/?s={search_term_string}\"},\"query-input\":\"required name=search_term_string\"}],\"inLanguage\":\"fr-FR\"},{\"@type\":\"Organization\",\"@id\":\"https:\/\/www.sahambank.com\/nabd\/#organization\",\"name\":\"nabD - Your lifestyle banking\",\"url\":\"https:\/\/www.sahambank.com\/nabd\/\",\"logo\":{\"@type\":\"ImageObject\",\"inLanguage\":\"fr-FR\",\"@id\":\"https:\/\/www.sahambank.com\/nabd\/#\/schema\/logo\/image\/\",\"url\":\"https:\/\/www.sahambank.com\/nabd\/wp-content\/uploads\/sites\/5\/2026\/01\/nabd-ecran-16X9.png\",\"contentUrl\":\"https:\/\/www.sahambank.com\/nabd\/wp-content\/uploads\/sites\/5\/2026\/01\/nabd-ecran-16X9.png\",\"width\":1600,\"height\":900,\"caption\":\"nabD - Your lifestyle banking\"},\"image\":{\"@id\":\"https:\/\/www.sahambank.com\/nabd\/#\/schema\/logo\/image\/\"},\"sameAs\":[\"https:\/\/www.youtube.com\/@nabDBySahambank\"]}]}<\/script>\n<!-- \/ Yoast SEO plugin. -->","yoast_head_json":{"title":"R\u00e9clamation - nabD - Banque digitale","robots":{"index":"index","follow":"follow","max-snippet":"max-snippet:-1","max-image-preview":"max-image-preview:large","max-video-preview":"max-video-preview:-1"},"canonical":"https:\/\/www.sahambank.com\/nabd\/reclamation\/","og_locale":"fr_FR","og_type":"article","og_title":"R\u00e9clamation - nabD - Banque digitale","og_description":"Pour soumettre une r\u00e9clamation, veuillez renseigner et nous envoyer le formulaire ci-dessous.","og_url":"https:\/\/www.sahambank.com\/nabd\/reclamation\/","og_site_name":"nabD - Banque digitale","article_modified_time":"2026-01-04T22:07:33+00:00","twitter_card":"summary_large_image","schema":{"@context":"https:\/\/schema.org","@graph":[{"@type":"WebPage","@id":"https:\/\/www.sahambank.com\/nabd\/reclamation\/","url":"https:\/\/www.sahambank.com\/nabd\/reclamation\/","name":"R\u00e9clamation - nabD - Banque digitale","isPartOf":{"@id":"https:\/\/www.sahambank.com\/nabd\/#website"},"datePublished":"2026-01-04T03:07:21+00:00","dateModified":"2026-01-04T22:07:33+00:00","breadcrumb":{"@id":"https:\/\/www.sahambank.com\/nabd\/reclamation\/#breadcrumb"},"inLanguage":"fr-FR","potentialAction":[{"@type":"ReadAction","target":["https:\/\/www.sahambank.com\/nabd\/reclamation\/"]}]},{"@type":"BreadcrumbList","@id":"https:\/\/www.sahambank.com\/nabd\/reclamation\/#breadcrumb","itemListElement":[{"@type":"ListItem","position":1,"name":"Accueil","item":"https:\/\/www.sahambank.com\/nabd\/"},{"@type":"ListItem","position":2,"name":"R\u00e9clamation"}]},{"@type":"WebSite","@id":"https:\/\/www.sahambank.com\/nabd\/#website","url":"https:\/\/www.sahambank.com\/nabd\/","name":"nabD - Your lifestyle banking","description":"Your lifestyle banking","publisher":{"@id":"https:\/\/www.sahambank.com\/nabd\/#organization"},"potentialAction":[{"@type":"SearchAction","target":{"@type":"EntryPoint","urlTemplate":"https:\/\/www.sahambank.com\/nabd\/?s={search_term_string}"},"query-input":"required name=search_term_string"}],"inLanguage":"fr-FR"},{"@type":"Organization","@id":"https:\/\/www.sahambank.com\/nabd\/#organization","name":"nabD - Your lifestyle banking","url":"https:\/\/www.sahambank.com\/nabd\/","logo":{"@type":"ImageObject","inLanguage":"fr-FR","@id":"https:\/\/www.sahambank.com\/nabd\/#\/schema\/logo\/image\/","url":"https:\/\/www.sahambank.com\/nabd\/wp-content\/uploads\/sites\/5\/2026\/01\/nabd-ecran-16X9.png","contentUrl":"https:\/\/www.sahambank.com\/nabd\/wp-content\/uploads\/sites\/5\/2026\/01\/nabd-ecran-16X9.png","width":1600,"height":900,"caption":"nabD - Your lifestyle banking"},"image":{"@id":"https:\/\/www.sahambank.com\/nabd\/#\/schema\/logo\/image\/"},"sameAs":["https:\/\/www.youtube.com\/@nabDBySahambank"]}]}},"lang":false,"translations":[],"_links":{"self":[{"href":"https:\/\/www.sahambank.com\/nabd\/wp-json\/wp\/v2\/pages\/145"}],"collection":[{"href":"https:\/\/www.sahambank.com\/nabd\/wp-json\/wp\/v2\/pages"}],"about":[{"href":"https:\/\/www.sahambank.com\/nabd\/wp-json\/wp\/v2\/types\/page"}],"author":[{"embeddable":true,"href":"https:\/\/www.sahambank.com\/nabd\/wp-json\/wp\/v2\/users\/1"}],"replies":[{"embeddable":true,"href":"https:\/\/www.sahambank.com\/nabd\/wp-json\/wp\/v2\/comments?post=145"}],"version-history":[{"count":1,"href":"https:\/\/www.sahambank.com\/nabd\/wp-json\/wp\/v2\/pages\/145\/revisions"}],"predecessor-version":[{"id":157,"href":"https:\/\/www.sahambank.com\/nabd\/wp-json\/wp\/v2\/pages\/145\/revisions\/157"}],"wp:attachment":[{"href":"https:\/\/www.sahambank.com\/nabd\/wp-json\/wp\/v2\/media?parent=145"}],"curies":[{"name":"wp","href":"https:\/\/api.w.org\/{rel}","templated":true}]}}