{"id":135,"date":"2026-01-04T03:51:39","date_gmt":"2026-01-04T02:51:39","guid":{"rendered":"https:\/\/www.sahambank.com\/nabd\/?page_id=135"},"modified":"2026-01-04T03:51:39","modified_gmt":"2026-01-04T02:51:39","slug":"informations-reglementaires","status":"publish","type":"page","link":"https:\/\/www.sahambank.com\/nabd\/informations-reglementaires\/","title":{"rendered":"Informations r\u00e9glementaires"},"content":{"rendered":"\n<p>Proc\u00e9dure de cl\u00f4ture de compte bancaire<\/p>\n\n\n\n<p>Conform\u00e9ment \u00e0 la directive de BANK AL-MAGHRIB n\u00b0 2\/W\/2022, vous avez le droit de cl\u00f4turer votre compte bancaire \u00e0 tout moment en suivant ces \u00e9tapes :<\/p>\n\n\n\n<ol class=\"wp-block-list\">\n<li><strong>D\u00e9p\u00f4t d\u2019une demande de cl\u00f4ture :<\/strong><br>La demande de cl\u00f4ture doit \u00eatre effectu\u00e9e par e-mail ( banque.digitale@sahambank.com ) ou via l\u2019application nabD rubrique \u00ab Demandes &amp; r\u00e9clamations \u00bb avec les \u00e9l\u00e9ments suivants :<br><ul><li>Nom et pr\u00e9nom<\/li><\/ul><ul><li>Num\u00e9ro de compte \u00e0 cl\u00f4turer<\/li><\/ul><ul><li>Date de la demande<\/li><\/ul><ul><li>Motif de la cl\u00f4ture (optionnel)<\/li><\/ul><ul><li>Signature du titulaire<\/li><\/ul>\u2714 Un RIB si un virement est n\u00e9cessaire pour r\u00e9cup\u00e9rer un solde cr\u00e9diteur <br><br><strong><em>Points importants \u00e0 v\u00e9rifier avant la cl\u00f4ture :<\/em><\/strong>\n<ul class=\"wp-block-list\">\n<li>Si votre compte pr\u00e9sente un solde n\u00e9gatif, celui-ci doit \u00eatre r\u00e9gularis\u00e9 avant la cl\u00f4ture.<\/li>\n\n\n\n<li>Votre compte doit \u00eatre \u00e0 solde nul.<\/li>\n\n\n\n<li>Si des produits ou services actifs sont rattach\u00e9s au compte, leur r\u00e9siliation doit \u00eatre effectu\u00e9e avant la cl\u00f4ture (cartes bancaires,\u2026).<\/li>\n<\/ul>\n<\/li>\n\n\n\n<li><strong>R\u00e9ception de votre demande :<\/strong><br>La banque vous remet un accus\u00e9 de r\u00e9ception confirmant la prise en charge par retour e-mail.<\/li>\n\n\n\n<li><strong>Traitement et cl\u00f4ture d\u00e9finitive :<\/strong><br>Une fois les v\u00e9rifications effectu\u00e9es, la banque proc\u00e8de \u00e0 la fermeture du compte<\/li>\n<\/ol>\n","protected":false},"excerpt":{"rendered":"<p>Proc\u00e9dure de cl\u00f4ture de compte bancaire Conform\u00e9ment \u00e0 la directive de BANK AL-MAGHRIB n\u00b0 2\/W\/2022, vous avez le droit de cl\u00f4turer votre compte bancaire \u00e0 tout moment en suivant ces \u00e9tapes :<\/p>\n","protected":false},"author":1,"featured_media":0,"parent":0,"menu_order":0,"comment_status":"closed","ping_status":"closed","template":"","meta":{"inline_featured_image":false,"footnotes":""},"acf":[],"yoast_head":"<!-- This site is optimized with the Yoast SEO plugin v20.0 - https:\/\/yoast.com\/wordpress\/plugins\/seo\/ -->\n<title>Informations r\u00e9glementaires - nabD - Banque digitale<\/title>\n<meta name=\"robots\" content=\"index, follow, max-snippet:-1, max-image-preview:large, max-video-preview:-1\" \/>\n<link rel=\"canonical\" href=\"https:\/\/www.sahambank.com\/nabd\/informations-reglementaires\/\" \/>\n<meta property=\"og:locale\" content=\"fr_FR\" \/>\n<meta property=\"og:type\" content=\"article\" \/>\n<meta property=\"og:title\" content=\"Informations r\u00e9glementaires - nabD - Banque digitale\" \/>\n<meta property=\"og:description\" content=\"Proc\u00e9dure de cl\u00f4ture de compte bancaire Conform\u00e9ment \u00e0 la directive de BANK AL-MAGHRIB n\u00b0 2\/W\/2022, vous avez le droit de cl\u00f4turer votre compte bancaire \u00e0 tout moment en suivant ces \u00e9tapes :\" \/>\n<meta property=\"og:url\" content=\"https:\/\/www.sahambank.com\/nabd\/informations-reglementaires\/\" \/>\n<meta property=\"og:site_name\" content=\"nabD - Banque digitale\" \/>\n<meta name=\"twitter:card\" content=\"summary_large_image\" \/>\n<meta name=\"twitter:label1\" content=\"Dur\u00e9e de lecture estim\u00e9e\" \/>\n\t<meta name=\"twitter:data1\" content=\"1 minute\" \/>\n<script type=\"application\/ld+json\" class=\"yoast-schema-graph\">{\"@context\":\"https:\/\/schema.org\",\"@graph\":[{\"@type\":\"WebPage\",\"@id\":\"https:\/\/www.sahambank.com\/nabd\/informations-reglementaires\/\",\"url\":\"https:\/\/www.sahambank.com\/nabd\/informations-reglementaires\/\",\"name\":\"Informations r\u00e9glementaires - nabD - Banque digitale\",\"isPartOf\":{\"@id\":\"https:\/\/www.sahambank.com\/nabd\/#website\"},\"datePublished\":\"2026-01-04T02:51:39+00:00\",\"dateModified\":\"2026-01-04T02:51:39+00:00\",\"breadcrumb\":{\"@id\":\"https:\/\/www.sahambank.com\/nabd\/informations-reglementaires\/#breadcrumb\"},\"inLanguage\":\"fr-FR\",\"potentialAction\":[{\"@type\":\"ReadAction\",\"target\":[\"https:\/\/www.sahambank.com\/nabd\/informations-reglementaires\/\"]}]},{\"@type\":\"BreadcrumbList\",\"@id\":\"https:\/\/www.sahambank.com\/nabd\/informations-reglementaires\/#breadcrumb\",\"itemListElement\":[{\"@type\":\"ListItem\",\"position\":1,\"name\":\"Accueil\",\"item\":\"https:\/\/www.sahambank.com\/nabd\/\"},{\"@type\":\"ListItem\",\"position\":2,\"name\":\"Informations r\u00e9glementaires\"}]},{\"@type\":\"WebSite\",\"@id\":\"https:\/\/www.sahambank.com\/nabd\/#website\",\"url\":\"https:\/\/www.sahambank.com\/nabd\/\",\"name\":\"nabD - Your lifestyle banking\",\"description\":\"Your lifestyle banking\",\"publisher\":{\"@id\":\"https:\/\/www.sahambank.com\/nabd\/#organization\"},\"potentialAction\":[{\"@type\":\"SearchAction\",\"target\":{\"@type\":\"EntryPoint\",\"urlTemplate\":\"https:\/\/www.sahambank.com\/nabd\/?s={search_term_string}\"},\"query-input\":\"required name=search_term_string\"}],\"inLanguage\":\"fr-FR\"},{\"@type\":\"Organization\",\"@id\":\"https:\/\/www.sahambank.com\/nabd\/#organization\",\"name\":\"nabD - Your lifestyle banking\",\"url\":\"https:\/\/www.sahambank.com\/nabd\/\",\"logo\":{\"@type\":\"ImageObject\",\"inLanguage\":\"fr-FR\",\"@id\":\"https:\/\/www.sahambank.com\/nabd\/#\/schema\/logo\/image\/\",\"url\":\"https:\/\/www.sahambank.com\/nabd\/wp-content\/uploads\/sites\/5\/2026\/01\/nabd-ecran-16X9.png\",\"contentUrl\":\"https:\/\/www.sahambank.com\/nabd\/wp-content\/uploads\/sites\/5\/2026\/01\/nabd-ecran-16X9.png\",\"width\":1600,\"height\":900,\"caption\":\"nabD - Your lifestyle banking\"},\"image\":{\"@id\":\"https:\/\/www.sahambank.com\/nabd\/#\/schema\/logo\/image\/\"},\"sameAs\":[\"https:\/\/www.youtube.com\/@nabDBySahambank\"]}]}<\/script>\n<!-- \/ Yoast SEO plugin. -->","yoast_head_json":{"title":"Informations r\u00e9glementaires - nabD - Banque digitale","robots":{"index":"index","follow":"follow","max-snippet":"max-snippet:-1","max-image-preview":"max-image-preview:large","max-video-preview":"max-video-preview:-1"},"canonical":"https:\/\/www.sahambank.com\/nabd\/informations-reglementaires\/","og_locale":"fr_FR","og_type":"article","og_title":"Informations r\u00e9glementaires - nabD - Banque digitale","og_description":"Proc\u00e9dure de cl\u00f4ture de compte bancaire Conform\u00e9ment \u00e0 la directive de BANK AL-MAGHRIB n\u00b0 2\/W\/2022, vous avez le droit de cl\u00f4turer votre compte bancaire \u00e0 tout moment en suivant ces \u00e9tapes :","og_url":"https:\/\/www.sahambank.com\/nabd\/informations-reglementaires\/","og_site_name":"nabD - Banque digitale","twitter_card":"summary_large_image","twitter_misc":{"Dur\u00e9e de lecture estim\u00e9e":"1 minute"},"schema":{"@context":"https:\/\/schema.org","@graph":[{"@type":"WebPage","@id":"https:\/\/www.sahambank.com\/nabd\/informations-reglementaires\/","url":"https:\/\/www.sahambank.com\/nabd\/informations-reglementaires\/","name":"Informations r\u00e9glementaires - nabD - Banque digitale","isPartOf":{"@id":"https:\/\/www.sahambank.com\/nabd\/#website"},"datePublished":"2026-01-04T02:51:39+00:00","dateModified":"2026-01-04T02:51:39+00:00","breadcrumb":{"@id":"https:\/\/www.sahambank.com\/nabd\/informations-reglementaires\/#breadcrumb"},"inLanguage":"fr-FR","potentialAction":[{"@type":"ReadAction","target":["https:\/\/www.sahambank.com\/nabd\/informations-reglementaires\/"]}]},{"@type":"BreadcrumbList","@id":"https:\/\/www.sahambank.com\/nabd\/informations-reglementaires\/#breadcrumb","itemListElement":[{"@type":"ListItem","position":1,"name":"Accueil","item":"https:\/\/www.sahambank.com\/nabd\/"},{"@type":"ListItem","position":2,"name":"Informations r\u00e9glementaires"}]},{"@type":"WebSite","@id":"https:\/\/www.sahambank.com\/nabd\/#website","url":"https:\/\/www.sahambank.com\/nabd\/","name":"nabD - Your lifestyle banking","description":"Your lifestyle banking","publisher":{"@id":"https:\/\/www.sahambank.com\/nabd\/#organization"},"potentialAction":[{"@type":"SearchAction","target":{"@type":"EntryPoint","urlTemplate":"https:\/\/www.sahambank.com\/nabd\/?s={search_term_string}"},"query-input":"required name=search_term_string"}],"inLanguage":"fr-FR"},{"@type":"Organization","@id":"https:\/\/www.sahambank.com\/nabd\/#organization","name":"nabD - Your lifestyle banking","url":"https:\/\/www.sahambank.com\/nabd\/","logo":{"@type":"ImageObject","inLanguage":"fr-FR","@id":"https:\/\/www.sahambank.com\/nabd\/#\/schema\/logo\/image\/","url":"https:\/\/www.sahambank.com\/nabd\/wp-content\/uploads\/sites\/5\/2026\/01\/nabd-ecran-16X9.png","contentUrl":"https:\/\/www.sahambank.com\/nabd\/wp-content\/uploads\/sites\/5\/2026\/01\/nabd-ecran-16X9.png","width":1600,"height":900,"caption":"nabD - Your lifestyle banking"},"image":{"@id":"https:\/\/www.sahambank.com\/nabd\/#\/schema\/logo\/image\/"},"sameAs":["https:\/\/www.youtube.com\/@nabDBySahambank"]}]}},"lang":false,"translations":[],"_links":{"self":[{"href":"https:\/\/www.sahambank.com\/nabd\/wp-json\/wp\/v2\/pages\/135"}],"collection":[{"href":"https:\/\/www.sahambank.com\/nabd\/wp-json\/wp\/v2\/pages"}],"about":[{"href":"https:\/\/www.sahambank.com\/nabd\/wp-json\/wp\/v2\/types\/page"}],"author":[{"embeddable":true,"href":"https:\/\/www.sahambank.com\/nabd\/wp-json\/wp\/v2\/users\/1"}],"replies":[{"embeddable":true,"href":"https:\/\/www.sahambank.com\/nabd\/wp-json\/wp\/v2\/comments?post=135"}],"version-history":[{"count":0,"href":"https:\/\/www.sahambank.com\/nabd\/wp-json\/wp\/v2\/pages\/135\/revisions"}],"wp:attachment":[{"href":"https:\/\/www.sahambank.com\/nabd\/wp-json\/wp\/v2\/media?parent=135"}],"curies":[{"name":"wp","href":"https:\/\/api.w.org\/{rel}","templated":true}]}}