{"id":126,"date":"2026-01-04T03:47:42","date_gmt":"2026-01-04T02:47:42","guid":{"rendered":"https:\/\/www.sahambank.com\/nabd\/?page_id=126"},"modified":"2026-01-04T03:47:42","modified_gmt":"2026-01-04T02:47:42","slug":"reclamation-mediation","status":"publish","type":"page","link":"https:\/\/www.sahambank.com\/nabd\/reclamation-mediation\/","title":{"rendered":"R\u00e9clamation &amp; M\u00e9diation"},"content":{"rendered":"\n<h3 class=\"wp-block-heading\">Vous avez une r\u00e9clamation \u00e0 faire ?&nbsp;<\/h3>\n\n\n\n<p>nabD est \u00e0 votre \u00e9coute !&nbsp;<\/p>\n\n\n\n<p>Vous avez le choix de faire part de votre r\u00e9clamation \u00e0 travers l\u2019un des moyens suivants :<\/p>\n\n\n\n<h3 class=\"wp-block-heading has-text-color has-link-color wp-elements-fb9635c6016d97e64313eb4605d8c413\" id=\"faq-headin2\" style=\"color:#409ea3\">\u00c0 travers votre application nabD<\/h3>\n\n\n\n<p>Connectez-vous \u00e0 votre appli nabD, rubrique \u00ab\u00a0Demandes et r\u00e9clamations \u00bb et renseignez le formulaire \u00ab\u00a0Faire une demande\u00a0\u00bb.<\/p>\n\n\n\n<h3 class=\"wp-block-heading has-text-color has-link-color wp-elements-c74cc263ca34d8cf074223c2665a1a19\" id=\"faq-headin22\" style=\"color:#409b9f\">\u00c0 travers le site<\/h3>\n\n\n\n<p>En renseignant le formulaire ci-dessous<br>\u00ab\u00a0<a href=\"https:\/\/www.sahambank.com\/nabd\/reclamation\/\" target=\"_blank\" rel=\"noreferrer noopener\">Faire une demande<\/a>\u00a0\u00bb.<\/p>\n\n\n\n<h3 class=\"wp-block-heading has-text-color has-link-color wp-elements-fd9b5cd18077a25d10fa60329ec32430\" id=\"faq-headin5\" style=\"color:#3fa2a8\">Par e-mail<\/h3>\n\n\n\n<p>Vous pouvez adresser votre r\u00e9clamation par e-mail \u00e0 l\u2019adresse suivante&nbsp;<a href=\"mailto:banque.digitale@sahambank.com\">banque.digitale@sahambank.com <\/a> en pr\u00e9cisant votre nom et pr\u00e9nom, vos coordonn\u00e9es, votre N\u00b0 de CIN ainsi que l\u2019ensemble des informations relatives \u00e0 votre r\u00e9clamation.<\/p>\n\n\n\n<h3 class=\"wp-block-heading has-text-color has-link-color wp-elements-42b1975c20667913589cc6cdb6f0a850\" id=\"faq-headin3\" style=\"color:#3fa2a8\">Par t\u00e9l\u00e9phone, en contactant nabD au 2288<\/h3>\n\n\n\n<p>Vous pouvez contacter nabD au <strong>2288<\/strong>* depuis le Maroc ou au 00212 522 45 96 96 depuis l\u2019\u00e9tranger, de 8h30 \u00e0 19h00 du lundi au vendredi et le samedi de 10h \u00e0 16h.<br><em>(*)Co\u00fbt d\u2019une communication locale<\/em><\/p>\n\n\n\n<h3 class=\"wp-block-heading has-text-color has-link-color wp-elements-7a71824a8a1aab7804bea4e7dd617773\" id=\"faq-headin7\" style=\"color:#3fa2a8\">\u00c0 travers un m\u00e9diateur<\/h3>\n\n\n\n<p>Tout Client a la latitude, en cas de diff\u00e9rend, de saisir le dispositif de m\u00e9diation bancaire pr\u00e9vu par l\u2019article 158 de la loi 103-12 qui a pour objet le r\u00e8glement \u00e0 l\u2019amiable des diff\u00e9rends pouvant naitre entre les \u00e9tablissements de cr\u00e9dit et organismes assimil\u00e9s et leur client\u00e8le.<\/p>\n\n\n\n<p>La demande de m\u00e9diation peut \u00eatre \u00e0 l&rsquo;initiative du Client ou de la Banque.<br>Le recours \u00e0 la m\u00e9diation est gratuit.<\/p>\n\n\n\n<p>Pour les besoins de la m\u00e9diation bancaire, qu\u2019elle soit \u00e0 l&rsquo;initiative du Client ou de la Banque, le Client autorise la Banque \u00e0 communiquer au m\u00e9diateur, tous documents ou informations utiles \u00e0 l\u2019accomplissement de sa mission et la d\u00e9sengage, par cons\u00e9quent, du secret bancaire le concernant.<\/p>\n\n\n\n<p>Le M\u00e9diateur, ses collaborateurs ainsi que toute personne qui, \u00e0 un titre quelconque, participe au traitement des dossiers de m\u00e9diation et plus g\u00e9n\u00e9ralement, toute personne appel\u00e9e \u00e0 conna\u00eetre ou \u00e0 exploiter des informations se rapportant \u00ab au traitement des dossiers de m\u00e9diation \u00bb sont tenus au respect du secret professionnel conform\u00e9ment aux dispositions de l\u2019article 180 de la loi n\u00b0103-12 relative aux \u00e9tablissements de cr\u00e9dit et organismes assimil\u00e9s et conform\u00e9ment aux dispositions de l\u2019article 327-66 de la loi n\u00b0 08-05.<\/p>\n\n\n\n<p>Les documents remis par les parties sont conserv\u00e9s par le Centre et ne sont pas restitu\u00e9s \u00e0 celles-ci.<\/p>\n\n\n\n<p>Le Client est libre d\u2019accepter ou de refuser la proposition du m\u00e9diateur bancaire. Conform\u00e9ment \u00e0 l\u2019article 159 de la loi bancaire.<\/p>\n\n\n\n<p>Pour plus d\u2019informations relatives \u00e0 la m\u00e9diation bancaire ci-apr\u00e8s le site du Centre Marocain de M\u00e9diation Bancaire&nbsp;:&nbsp;<a href=\"https:\/\/cmmb.ma\">https:\/\/cmmb.ma<\/a><\/p>\n\n\n\n<p>Si vous n\u2019\u00eates pas satisfait de la d\u00e9cision d\u00e9livr\u00e9e ou si le d\u00e9lai (40 jours ouvr\u00e9s) de traitement de la r\u00e9clamation est d\u00e9pass\u00e9 par le biais des canaux propos\u00e9s par la Banque, vous pouvez soumettre votre demande \u00e0 l\u2019organisme externe de traitement des plaintes,&nbsp;Centre Marocain de M\u00e9diation Bancaire&nbsp;(CMMB) par e-mail, par d\u00e9p\u00f4t direct aupr\u00e8s du CMMB ou par courrier \u00e0 l\u2019adresse suivante :<br>CMMB \u2013 Le m\u00e9diateur bancaire<br>Angle avenue Hassan II et Ahmed Touki<br>20000 Casablanca<\/p>\n\n\n\n<h3 class=\"wp-block-heading has-text-color has-link-color wp-elements-168d8d3d14626e6796cfe442840159c2\" id=\"faq-headin8\" style=\"color:#3fa2a8\">Aupr\u00e8s de Bank Al-Maghrib<\/h3>\n\n\n\n<p>En dernier recours, vous pouvez d\u00e9poser votre demande aupr\u00e8s de&nbsp;Bank Al-Maghrib en cliquant sur le lien suivant : <a href=\"https:\/\/reclamation.bankalmaghrib.ma\/reclamation\/\">https:\/\/reclamation.bankalmaghrib.ma\/reclamation\/<\/a><\/p>\n","protected":false},"excerpt":{"rendered":"<p>Vous avez une r\u00e9clamation \u00e0 faire ?&nbsp; nabD est \u00e0 votre \u00e9coute !&nbsp; Vous avez le choix de faire part de votre r\u00e9clamation \u00e0 travers l\u2019un des moyens suivants : \u00c0 travers votre application nabD Connectez-vous \u00e0 votre appli nabD, rubrique \u00ab\u00a0Demandes et r\u00e9clamations \u00bb et renseignez le formulaire \u00ab\u00a0Faire une demande\u00a0\u00bb. \u00c0 travers le [&hellip;]<\/p>\n","protected":false},"author":1,"featured_media":0,"parent":0,"menu_order":0,"comment_status":"closed","ping_status":"closed","template":"","meta":{"inline_featured_image":false,"footnotes":""},"acf":[],"yoast_head":"<!-- This site is optimized with the Yoast SEO plugin v20.0 - https:\/\/yoast.com\/wordpress\/plugins\/seo\/ -->\n<title>R\u00e9clamation &amp; M\u00e9diation - nabD - Banque digitale<\/title>\n<meta name=\"robots\" content=\"index, follow, max-snippet:-1, max-image-preview:large, max-video-preview:-1\" \/>\n<link rel=\"canonical\" href=\"https:\/\/www.sahambank.com\/nabd\/reclamation-mediation\/\" \/>\n<meta property=\"og:locale\" content=\"fr_FR\" \/>\n<meta property=\"og:type\" content=\"article\" \/>\n<meta property=\"og:title\" content=\"R\u00e9clamation &amp; M\u00e9diation - nabD - Banque digitale\" \/>\n<meta property=\"og:description\" content=\"Vous avez une r\u00e9clamation \u00e0 faire ?&nbsp; nabD est \u00e0 votre \u00e9coute !&nbsp; Vous avez le choix de faire part de votre r\u00e9clamation \u00e0 travers l\u2019un des moyens suivants : \u00c0 travers votre application nabD Connectez-vous \u00e0 votre appli nabD, rubrique \u00ab\u00a0Demandes et r\u00e9clamations \u00bb et renseignez le formulaire \u00ab\u00a0Faire une demande\u00a0\u00bb. \u00c0 travers le [&hellip;]\" \/>\n<meta property=\"og:url\" content=\"https:\/\/www.sahambank.com\/nabd\/reclamation-mediation\/\" \/>\n<meta property=\"og:site_name\" content=\"nabD - Banque digitale\" \/>\n<meta name=\"twitter:card\" content=\"summary_large_image\" \/>\n<meta name=\"twitter:label1\" content=\"Dur\u00e9e de lecture estim\u00e9e\" \/>\n\t<meta name=\"twitter:data1\" content=\"3 minutes\" \/>\n<script type=\"application\/ld+json\" class=\"yoast-schema-graph\">{\"@context\":\"https:\/\/schema.org\",\"@graph\":[{\"@type\":\"WebPage\",\"@id\":\"https:\/\/www.sahambank.com\/nabd\/reclamation-mediation\/\",\"url\":\"https:\/\/www.sahambank.com\/nabd\/reclamation-mediation\/\",\"name\":\"R\u00e9clamation &amp; M\u00e9diation - nabD - Banque digitale\",\"isPartOf\":{\"@id\":\"https:\/\/www.sahambank.com\/nabd\/#website\"},\"datePublished\":\"2026-01-04T02:47:42+00:00\",\"dateModified\":\"2026-01-04T02:47:42+00:00\",\"breadcrumb\":{\"@id\":\"https:\/\/www.sahambank.com\/nabd\/reclamation-mediation\/#breadcrumb\"},\"inLanguage\":\"fr-FR\",\"potentialAction\":[{\"@type\":\"ReadAction\",\"target\":[\"https:\/\/www.sahambank.com\/nabd\/reclamation-mediation\/\"]}]},{\"@type\":\"BreadcrumbList\",\"@id\":\"https:\/\/www.sahambank.com\/nabd\/reclamation-mediation\/#breadcrumb\",\"itemListElement\":[{\"@type\":\"ListItem\",\"position\":1,\"name\":\"Accueil\",\"item\":\"https:\/\/www.sahambank.com\/nabd\/\"},{\"@type\":\"ListItem\",\"position\":2,\"name\":\"R\u00e9clamation &amp; M\u00e9diation\"}]},{\"@type\":\"WebSite\",\"@id\":\"https:\/\/www.sahambank.com\/nabd\/#website\",\"url\":\"https:\/\/www.sahambank.com\/nabd\/\",\"name\":\"nabD - Your lifestyle banking\",\"description\":\"Your lifestyle banking\",\"publisher\":{\"@id\":\"https:\/\/www.sahambank.com\/nabd\/#organization\"},\"potentialAction\":[{\"@type\":\"SearchAction\",\"target\":{\"@type\":\"EntryPoint\",\"urlTemplate\":\"https:\/\/www.sahambank.com\/nabd\/?s={search_term_string}\"},\"query-input\":\"required name=search_term_string\"}],\"inLanguage\":\"fr-FR\"},{\"@type\":\"Organization\",\"@id\":\"https:\/\/www.sahambank.com\/nabd\/#organization\",\"name\":\"nabD - Your lifestyle banking\",\"url\":\"https:\/\/www.sahambank.com\/nabd\/\",\"logo\":{\"@type\":\"ImageObject\",\"inLanguage\":\"fr-FR\",\"@id\":\"https:\/\/www.sahambank.com\/nabd\/#\/schema\/logo\/image\/\",\"url\":\"https:\/\/www.sahambank.com\/nabd\/wp-content\/uploads\/sites\/5\/2026\/01\/nabd-ecran-16X9.png\",\"contentUrl\":\"https:\/\/www.sahambank.com\/nabd\/wp-content\/uploads\/sites\/5\/2026\/01\/nabd-ecran-16X9.png\",\"width\":1600,\"height\":900,\"caption\":\"nabD - Your lifestyle banking\"},\"image\":{\"@id\":\"https:\/\/www.sahambank.com\/nabd\/#\/schema\/logo\/image\/\"},\"sameAs\":[\"https:\/\/www.youtube.com\/@nabDBySahambank\"]}]}<\/script>\n<!-- \/ Yoast SEO plugin. -->","yoast_head_json":{"title":"R\u00e9clamation &amp; M\u00e9diation - nabD - Banque digitale","robots":{"index":"index","follow":"follow","max-snippet":"max-snippet:-1","max-image-preview":"max-image-preview:large","max-video-preview":"max-video-preview:-1"},"canonical":"https:\/\/www.sahambank.com\/nabd\/reclamation-mediation\/","og_locale":"fr_FR","og_type":"article","og_title":"R\u00e9clamation &amp; M\u00e9diation - nabD - Banque digitale","og_description":"Vous avez une r\u00e9clamation \u00e0 faire ?&nbsp; nabD est \u00e0 votre \u00e9coute !&nbsp; Vous avez le choix de faire part de votre r\u00e9clamation \u00e0 travers l\u2019un des moyens suivants : \u00c0 travers votre application nabD Connectez-vous \u00e0 votre appli nabD, rubrique \u00ab\u00a0Demandes et r\u00e9clamations \u00bb et renseignez le formulaire \u00ab\u00a0Faire une demande\u00a0\u00bb. \u00c0 travers le [&hellip;]","og_url":"https:\/\/www.sahambank.com\/nabd\/reclamation-mediation\/","og_site_name":"nabD - Banque digitale","twitter_card":"summary_large_image","twitter_misc":{"Dur\u00e9e de lecture estim\u00e9e":"3 minutes"},"schema":{"@context":"https:\/\/schema.org","@graph":[{"@type":"WebPage","@id":"https:\/\/www.sahambank.com\/nabd\/reclamation-mediation\/","url":"https:\/\/www.sahambank.com\/nabd\/reclamation-mediation\/","name":"R\u00e9clamation &amp; M\u00e9diation - nabD - Banque digitale","isPartOf":{"@id":"https:\/\/www.sahambank.com\/nabd\/#website"},"datePublished":"2026-01-04T02:47:42+00:00","dateModified":"2026-01-04T02:47:42+00:00","breadcrumb":{"@id":"https:\/\/www.sahambank.com\/nabd\/reclamation-mediation\/#breadcrumb"},"inLanguage":"fr-FR","potentialAction":[{"@type":"ReadAction","target":["https:\/\/www.sahambank.com\/nabd\/reclamation-mediation\/"]}]},{"@type":"BreadcrumbList","@id":"https:\/\/www.sahambank.com\/nabd\/reclamation-mediation\/#breadcrumb","itemListElement":[{"@type":"ListItem","position":1,"name":"Accueil","item":"https:\/\/www.sahambank.com\/nabd\/"},{"@type":"ListItem","position":2,"name":"R\u00e9clamation &amp; M\u00e9diation"}]},{"@type":"WebSite","@id":"https:\/\/www.sahambank.com\/nabd\/#website","url":"https:\/\/www.sahambank.com\/nabd\/","name":"nabD - Your lifestyle banking","description":"Your lifestyle banking","publisher":{"@id":"https:\/\/www.sahambank.com\/nabd\/#organization"},"potentialAction":[{"@type":"SearchAction","target":{"@type":"EntryPoint","urlTemplate":"https:\/\/www.sahambank.com\/nabd\/?s={search_term_string}"},"query-input":"required name=search_term_string"}],"inLanguage":"fr-FR"},{"@type":"Organization","@id":"https:\/\/www.sahambank.com\/nabd\/#organization","name":"nabD - Your lifestyle banking","url":"https:\/\/www.sahambank.com\/nabd\/","logo":{"@type":"ImageObject","inLanguage":"fr-FR","@id":"https:\/\/www.sahambank.com\/nabd\/#\/schema\/logo\/image\/","url":"https:\/\/www.sahambank.com\/nabd\/wp-content\/uploads\/sites\/5\/2026\/01\/nabd-ecran-16X9.png","contentUrl":"https:\/\/www.sahambank.com\/nabd\/wp-content\/uploads\/sites\/5\/2026\/01\/nabd-ecran-16X9.png","width":1600,"height":900,"caption":"nabD - Your lifestyle banking"},"image":{"@id":"https:\/\/www.sahambank.com\/nabd\/#\/schema\/logo\/image\/"},"sameAs":["https:\/\/www.youtube.com\/@nabDBySahambank"]}]}},"lang":false,"translations":[],"_links":{"self":[{"href":"https:\/\/www.sahambank.com\/nabd\/wp-json\/wp\/v2\/pages\/126"}],"collection":[{"href":"https:\/\/www.sahambank.com\/nabd\/wp-json\/wp\/v2\/pages"}],"about":[{"href":"https:\/\/www.sahambank.com\/nabd\/wp-json\/wp\/v2\/types\/page"}],"author":[{"embeddable":true,"href":"https:\/\/www.sahambank.com\/nabd\/wp-json\/wp\/v2\/users\/1"}],"replies":[{"embeddable":true,"href":"https:\/\/www.sahambank.com\/nabd\/wp-json\/wp\/v2\/comments?post=126"}],"version-history":[{"count":0,"href":"https:\/\/www.sahambank.com\/nabd\/wp-json\/wp\/v2\/pages\/126\/revisions"}],"wp:attachment":[{"href":"https:\/\/www.sahambank.com\/nabd\/wp-json\/wp\/v2\/media?parent=126"}],"curies":[{"name":"wp","href":"https:\/\/api.w.org\/{rel}","templated":true}]}}