{"id":123,"date":"2026-01-04T03:36:01","date_gmt":"2026-01-04T02:36:01","guid":{"rendered":"https:\/\/www.sahambank.com\/nabd\/?page_id=123"},"modified":"2026-01-04T03:36:01","modified_gmt":"2026-01-04T02:36:01","slug":"mentions-legales","status":"publish","type":"page","link":"https:\/\/www.sahambank.com\/nabd\/mentions-legales\/","title":{"rendered":"Mentions l\u00e9gales"},"content":{"rendered":"\n<h3 class=\"wp-block-heading has-text-color has-link-color wp-elements-ce84d19c6715a778160c1288e69549cf\" style=\"color:#40a7ac\">Informations sur le site<\/h3>\n\n\n\n<p>Les informations contenues sur le site&nbsp;soge.ma ont un caract\u00e8re strictement informatif, elles n&#8217;emportent aucun engagement juridique ni accord contractuel de la part de Saham Bank appel\u00e9e ci-apr\u00e8s \u00ab&nbsp;la Banque&nbsp;\u00bb qui se r\u00e9serve par ailleurs la facult\u00e9 d&rsquo;en modifier les caract\u00e9ristiques.<br>L&rsquo;ouverture de compte et l\u2019acc\u00e8s aux produits et services pr\u00e9sent\u00e9s sur le site peuvent faire l&rsquo;objet de restrictions \u00e0 l&rsquo;\u00e9gard de certaines personnes. Aucune ouverture de compte ou souscription de produits et\/ou services ne sera fournie par la Banque \u00e0 une personne si la loi de son pays d&rsquo;origine ou de tout autre pays qui la concernerait l&rsquo;interdit.<br>Cependant il appartient \u00e0 toute personne int\u00e9ress\u00e9e de v\u00e9rifier pr\u00e9alablement aupr\u00e8s de ses conseils habituels que son statut juridique et fiscal lui permet d\u2019ouvrir un compte et de souscrire les produits et\/ou les services pr\u00e9sent\u00e9s sur le site.<\/p>\n\n\n\n<h3 class=\"wp-block-heading has-text-color has-link-color wp-elements-38416d902186215a2982ca702e83b701\" style=\"color:#40a7ac\">Conditions restrictives d\u2019une demande d\u2019ouverture de compte biom\u00e9trique<\/h3>\n\n\n\n<p>L\u2019ouverture de compte \u00e0 distance via le service nabD permet au client d\u2019ouvrir un compte bancaire, de l\u2019activer \u00e0 distance et de pouvoir l\u2019utiliser via l\u2019application mobile nabD L\u2019activation du compte \u00e0 distance est soumise aux conditions suivantes\u00a0:<\/p>\n\n\n\n<ul class=\"wp-block-list\">\n<li>L\u2019authentification biom\u00e9trique doit \u00eatre concluante pour la Banque<\/li>\n\n\n\n<li>La validation et la signature par le client des documents mis \u00e0 sa disposition par la banque au niveau de son espace personnel nabD et ce, comme suit&nbsp;:\n<ul class=\"wp-block-list\">\n<li>Le client doit cocher la case o\u00f9 il confirme avoir bien pris connaissance et accepte les documents transmis par la banque \u00e0 savoir le compte rendu d\u2019entretien, les conditions g\u00e9n\u00e9rales d\u2019ouverture de compte, la convention de compte, les conditions particuli\u00e8res de l\u2019offre, les conditions particuli\u00e8res de la carte, le contrat de l\u2019application mobile.<\/li>\n\n\n\n<li>Le client doit signer lesdits documents sur son espace personnel \u00e0 travers la saisie d\u2019un code de signature unique qu\u2019il recevra par SMS.<\/li>\n<\/ul>\n<\/li>\n<\/ul>\n\n\n\n<p>Cette ouverture de compte \u00e0 distance est soumise \u00e0 des restrictions de contractualisation, selon la r\u00e9sidence fiscale du client, en sus des Conditions G\u00e9n\u00e9rales. Le client d\u00e9clare par les pr\u00e9sentes&nbsp;:<\/p>\n\n\n\n<ul class=\"wp-block-list\">\n<li>Initier l\u2019ouverture d\u2019un compte \u00e0 distance aupr\u00e8s de nabD, la banque en ligne de Saham Bank<\/li>\n\n\n\n<li>Souscrire \u00e0 une des offres produits et services \u00e0 distance pr\u00e9sent\u00e9es sur le site<\/li>\n\n\n\n<li>Certifier que les informations saisies sont exactes et que les documents upload\u00e9s sur le site sont authentiques<\/li>\n\n\n\n<li>Accepter que le compte ne sera activ\u00e9 que si les conditions mentionn\u00e9es ci-dessus sont respect\u00e9es<\/li>\n\n\n\n<li>Accepter la transmission par la Banque des documents cit\u00e9s ci-haut, dans son espace personnel et reconnait la force probante des \u00e9changes effectu\u00e9s par ce moyen \u00e9lectronique. Il reconnait express\u00e9ment que les documents \u00e9chang\u00e9s par ce moyen peuvent \u00eatre produits et utilis\u00e9s par la banque en cas de litige amiable ou judiciaire<\/li>\n\n\n\n<li>Accepter que sa carte bancaire soit envoy\u00e9e par la Banque via courrier postal, \u00e0 l\u2019adresse de son choix, et que le code PIN de sa carte soit envoy\u00e9 par SMS apr\u00e8s en avoir accus\u00e9 r\u00e9ception sur l\u2019application de gestion de compte nabD, et apr\u00e8s avoir envoy\u00e9 le code communiqu\u00e9 par SMS au num\u00e9ro indiqu\u00e9.&nbsp;<\/li>\n<\/ul>\n\n\n\n<p><strong>L\u2019acceptation des Mentions L\u00e9gales par voie \u00e9lectronique, par le client, a la m\u00eame valeur probante que l\u2019accord sur support papier. Les registres informatis\u00e9s dans les syst\u00e8mes informatiques sont conserv\u00e9s dans des conditions raisonnables de s\u00e9curit\u00e9 et sont consid\u00e9r\u00e9s comme des preuves probantes justifiant les \u00e9changes et les communications intervenus entre la Banque et le client.<\/strong><\/p>\n","protected":false},"excerpt":{"rendered":"<p>Informations sur le site Les informations contenues sur le site&nbsp;soge.ma ont un caract\u00e8re strictement informatif, elles n&#8217;emportent aucun engagement juridique ni accord contractuel de la part de Saham Bank appel\u00e9e ci-apr\u00e8s \u00ab&nbsp;la Banque&nbsp;\u00bb qui se r\u00e9serve par ailleurs la facult\u00e9 d&rsquo;en modifier les caract\u00e9ristiques.L&rsquo;ouverture de compte et l\u2019acc\u00e8s aux produits et services pr\u00e9sent\u00e9s sur le [&hellip;]<\/p>\n","protected":false},"author":1,"featured_media":0,"parent":0,"menu_order":0,"comment_status":"closed","ping_status":"closed","template":"","meta":{"inline_featured_image":false,"footnotes":""},"acf":[],"yoast_head":"<!-- This site is optimized with the Yoast SEO plugin v20.0 - https:\/\/yoast.com\/wordpress\/plugins\/seo\/ -->\n<title>Mentions l\u00e9gales - nabD - Banque digitale<\/title>\n<meta name=\"robots\" content=\"index, follow, max-snippet:-1, max-image-preview:large, max-video-preview:-1\" \/>\n<link rel=\"canonical\" href=\"https:\/\/www.sahambank.com\/nabd\/mentions-legales\/\" \/>\n<meta property=\"og:locale\" content=\"fr_FR\" \/>\n<meta property=\"og:type\" content=\"article\" \/>\n<meta property=\"og:title\" content=\"Mentions l\u00e9gales - nabD - Banque digitale\" \/>\n<meta property=\"og:description\" content=\"Informations sur le site Les informations contenues sur le site&nbsp;soge.ma ont un caract\u00e8re strictement informatif, elles n&#8217;emportent aucun engagement juridique ni accord contractuel de la part de Saham Bank appel\u00e9e ci-apr\u00e8s \u00ab&nbsp;la Banque&nbsp;\u00bb qui se r\u00e9serve par ailleurs la facult\u00e9 d&rsquo;en modifier les caract\u00e9ristiques.L&rsquo;ouverture de compte et l\u2019acc\u00e8s aux produits et services pr\u00e9sent\u00e9s sur le [&hellip;]\" \/>\n<meta property=\"og:url\" content=\"https:\/\/www.sahambank.com\/nabd\/mentions-legales\/\" \/>\n<meta property=\"og:site_name\" content=\"nabD - Banque digitale\" \/>\n<meta name=\"twitter:card\" content=\"summary_large_image\" \/>\n<meta name=\"twitter:label1\" content=\"Dur\u00e9e de lecture estim\u00e9e\" \/>\n\t<meta name=\"twitter:data1\" content=\"3 minutes\" \/>\n<script type=\"application\/ld+json\" class=\"yoast-schema-graph\">{\"@context\":\"https:\/\/schema.org\",\"@graph\":[{\"@type\":\"WebPage\",\"@id\":\"https:\/\/www.sahambank.com\/nabd\/mentions-legales\/\",\"url\":\"https:\/\/www.sahambank.com\/nabd\/mentions-legales\/\",\"name\":\"Mentions l\u00e9gales - nabD - Banque digitale\",\"isPartOf\":{\"@id\":\"https:\/\/www.sahambank.com\/nabd\/#website\"},\"datePublished\":\"2026-01-04T02:36:01+00:00\",\"dateModified\":\"2026-01-04T02:36:01+00:00\",\"breadcrumb\":{\"@id\":\"https:\/\/www.sahambank.com\/nabd\/mentions-legales\/#breadcrumb\"},\"inLanguage\":\"fr-FR\",\"potentialAction\":[{\"@type\":\"ReadAction\",\"target\":[\"https:\/\/www.sahambank.com\/nabd\/mentions-legales\/\"]}]},{\"@type\":\"BreadcrumbList\",\"@id\":\"https:\/\/www.sahambank.com\/nabd\/mentions-legales\/#breadcrumb\",\"itemListElement\":[{\"@type\":\"ListItem\",\"position\":1,\"name\":\"Accueil\",\"item\":\"https:\/\/www.sahambank.com\/nabd\/\"},{\"@type\":\"ListItem\",\"position\":2,\"name\":\"Mentions l\u00e9gales\"}]},{\"@type\":\"WebSite\",\"@id\":\"https:\/\/www.sahambank.com\/nabd\/#website\",\"url\":\"https:\/\/www.sahambank.com\/nabd\/\",\"name\":\"nabD - Your lifestyle banking\",\"description\":\"Your lifestyle banking\",\"publisher\":{\"@id\":\"https:\/\/www.sahambank.com\/nabd\/#organization\"},\"potentialAction\":[{\"@type\":\"SearchAction\",\"target\":{\"@type\":\"EntryPoint\",\"urlTemplate\":\"https:\/\/www.sahambank.com\/nabd\/?s={search_term_string}\"},\"query-input\":\"required name=search_term_string\"}],\"inLanguage\":\"fr-FR\"},{\"@type\":\"Organization\",\"@id\":\"https:\/\/www.sahambank.com\/nabd\/#organization\",\"name\":\"nabD - Your lifestyle banking\",\"url\":\"https:\/\/www.sahambank.com\/nabd\/\",\"logo\":{\"@type\":\"ImageObject\",\"inLanguage\":\"fr-FR\",\"@id\":\"https:\/\/www.sahambank.com\/nabd\/#\/schema\/logo\/image\/\",\"url\":\"https:\/\/www.sahambank.com\/nabd\/wp-content\/uploads\/sites\/5\/2026\/01\/nabd-ecran-16X9.png\",\"contentUrl\":\"https:\/\/www.sahambank.com\/nabd\/wp-content\/uploads\/sites\/5\/2026\/01\/nabd-ecran-16X9.png\",\"width\":1600,\"height\":900,\"caption\":\"nabD - Your lifestyle banking\"},\"image\":{\"@id\":\"https:\/\/www.sahambank.com\/nabd\/#\/schema\/logo\/image\/\"},\"sameAs\":[\"https:\/\/www.youtube.com\/@nabDBySahambank\"]}]}<\/script>\n<!-- \/ Yoast SEO plugin. -->","yoast_head_json":{"title":"Mentions l\u00e9gales - nabD - Banque digitale","robots":{"index":"index","follow":"follow","max-snippet":"max-snippet:-1","max-image-preview":"max-image-preview:large","max-video-preview":"max-video-preview:-1"},"canonical":"https:\/\/www.sahambank.com\/nabd\/mentions-legales\/","og_locale":"fr_FR","og_type":"article","og_title":"Mentions l\u00e9gales - nabD - Banque digitale","og_description":"Informations sur le site Les informations contenues sur le site&nbsp;soge.ma ont un caract\u00e8re strictement informatif, elles n&#8217;emportent aucun engagement juridique ni accord contractuel de la part de Saham Bank appel\u00e9e ci-apr\u00e8s \u00ab&nbsp;la Banque&nbsp;\u00bb qui se r\u00e9serve par ailleurs la facult\u00e9 d&rsquo;en modifier les caract\u00e9ristiques.L&rsquo;ouverture de compte et l\u2019acc\u00e8s aux produits et services pr\u00e9sent\u00e9s sur le [&hellip;]","og_url":"https:\/\/www.sahambank.com\/nabd\/mentions-legales\/","og_site_name":"nabD - Banque digitale","twitter_card":"summary_large_image","twitter_misc":{"Dur\u00e9e de lecture estim\u00e9e":"3 minutes"},"schema":{"@context":"https:\/\/schema.org","@graph":[{"@type":"WebPage","@id":"https:\/\/www.sahambank.com\/nabd\/mentions-legales\/","url":"https:\/\/www.sahambank.com\/nabd\/mentions-legales\/","name":"Mentions l\u00e9gales - nabD - Banque digitale","isPartOf":{"@id":"https:\/\/www.sahambank.com\/nabd\/#website"},"datePublished":"2026-01-04T02:36:01+00:00","dateModified":"2026-01-04T02:36:01+00:00","breadcrumb":{"@id":"https:\/\/www.sahambank.com\/nabd\/mentions-legales\/#breadcrumb"},"inLanguage":"fr-FR","potentialAction":[{"@type":"ReadAction","target":["https:\/\/www.sahambank.com\/nabd\/mentions-legales\/"]}]},{"@type":"BreadcrumbList","@id":"https:\/\/www.sahambank.com\/nabd\/mentions-legales\/#breadcrumb","itemListElement":[{"@type":"ListItem","position":1,"name":"Accueil","item":"https:\/\/www.sahambank.com\/nabd\/"},{"@type":"ListItem","position":2,"name":"Mentions l\u00e9gales"}]},{"@type":"WebSite","@id":"https:\/\/www.sahambank.com\/nabd\/#website","url":"https:\/\/www.sahambank.com\/nabd\/","name":"nabD - Your lifestyle banking","description":"Your lifestyle banking","publisher":{"@id":"https:\/\/www.sahambank.com\/nabd\/#organization"},"potentialAction":[{"@type":"SearchAction","target":{"@type":"EntryPoint","urlTemplate":"https:\/\/www.sahambank.com\/nabd\/?s={search_term_string}"},"query-input":"required name=search_term_string"}],"inLanguage":"fr-FR"},{"@type":"Organization","@id":"https:\/\/www.sahambank.com\/nabd\/#organization","name":"nabD - Your lifestyle banking","url":"https:\/\/www.sahambank.com\/nabd\/","logo":{"@type":"ImageObject","inLanguage":"fr-FR","@id":"https:\/\/www.sahambank.com\/nabd\/#\/schema\/logo\/image\/","url":"https:\/\/www.sahambank.com\/nabd\/wp-content\/uploads\/sites\/5\/2026\/01\/nabd-ecran-16X9.png","contentUrl":"https:\/\/www.sahambank.com\/nabd\/wp-content\/uploads\/sites\/5\/2026\/01\/nabd-ecran-16X9.png","width":1600,"height":900,"caption":"nabD - Your lifestyle banking"},"image":{"@id":"https:\/\/www.sahambank.com\/nabd\/#\/schema\/logo\/image\/"},"sameAs":["https:\/\/www.youtube.com\/@nabDBySahambank"]}]}},"lang":false,"translations":[],"_links":{"self":[{"href":"https:\/\/www.sahambank.com\/nabd\/wp-json\/wp\/v2\/pages\/123"}],"collection":[{"href":"https:\/\/www.sahambank.com\/nabd\/wp-json\/wp\/v2\/pages"}],"about":[{"href":"https:\/\/www.sahambank.com\/nabd\/wp-json\/wp\/v2\/types\/page"}],"author":[{"embeddable":true,"href":"https:\/\/www.sahambank.com\/nabd\/wp-json\/wp\/v2\/users\/1"}],"replies":[{"embeddable":true,"href":"https:\/\/www.sahambank.com\/nabd\/wp-json\/wp\/v2\/comments?post=123"}],"version-history":[{"count":0,"href":"https:\/\/www.sahambank.com\/nabd\/wp-json\/wp\/v2\/pages\/123\/revisions"}],"wp:attachment":[{"href":"https:\/\/www.sahambank.com\/nabd\/wp-json\/wp\/v2\/media?parent=123"}],"curies":[{"name":"wp","href":"https:\/\/api.w.org\/{rel}","templated":true}]}}